{"id":10975,"date":"2022-03-01T08:46:31","date_gmt":"2022-03-01T12:46:31","guid":{"rendered":"https:\/\/superreceitas.com\/nutzungsbedingungen\/"},"modified":"2025-11-28T08:33:00","modified_gmt":"2025-11-28T12:33:00","slug":"nutzungsbedingungen","status":"publish","type":"page","link":"https:\/\/superreceitas.com\/de\/nutzungsbedingungen\/","title":{"rendered":"Nutzungsbedingungen"},"content":{"rendered":"\n<h2 class=\"wp-block-heading\">Allgemeine Gesch\u00e4ftsbedingungen<\/h2>\n\n<p>Willkommen bei SuperReceitas!<\/p>\n\n<p>Diese Allgemeinen Gesch\u00e4ftsbedingungen beschreiben die Regeln und Vorschriften f\u00fcr die Nutzung der Website von LS MOTA NEGOCIOS DIGITAIS LTDA, zu finden unter superreceitas.com.<\/p>\n\n<p>Durch den Zugriff auf diese Website gehen wir davon aus, dass Sie diese Allgemeinen Gesch\u00e4ftsbedingungen akzeptieren. Nutzen Sie SuperReceitas nicht weiter, wenn Sie nicht damit einverstanden sind, alle auf dieser Seite genannten Bedingungen zu akzeptieren. <\/p>\n\n<h2 class=\"wp-block-heading\">Cookies<\/h2>\n\n<p>Die Website verwendet Cookies, um Ihr Online-Erlebnis zu personalisieren. Durch den Zugriff auf SuperReceitas stimmen Sie der Verwendung der erforderlichen Cookies zu. <\/p>\n\n<p>Ein Cookie ist eine Textdatei, die von einem Webserver auf Ihrer Festplatte abgelegt wird. Cookies k\u00f6nnen nicht verwendet werden, um Programme auszuf\u00fchren oder Viren auf Ihren Computer zu \u00fcbertragen. Cookies werden Ihnen ausschlie\u00dflich zugewiesen und k\u00f6nnen nur von einem Webserver in der Dom\u00e4ne gelesen werden, die das Cookie f\u00fcr Sie ausgestellt hat.  <\/p>\n\n<p>Wir k\u00f6nnen Cookies verwenden, um Informationen f\u00fcr statistische oder Marketingzwecke zu sammeln, zu speichern und zu verfolgen, um unsere Website zu betreiben. Sie haben die M\u00f6glichkeit, optionale Cookies zu akzeptieren oder abzulehnen. Es gibt einige obligatorische Cookies, die f\u00fcr den Betrieb unserer Website notwendig sind. Diese Cookies erfordern Ihre Zustimmung nicht, da sie immer funktionieren. Beachten Sie, dass Sie durch die Annahme der notwendigen Cookies auch Cookies von Drittanbietern akzeptieren, die \u00fcber von Drittanbietern bereitgestellte Dienste verwendet werden k\u00f6nnen, wenn Sie diese Dienste auf unserer Website nutzen, z. B. ein von Drittanbietern bereitgestelltes und in unsere Website integriertes Videoanzeigefenster.    <\/p>\n\n<h2 class=\"wp-block-heading\">Lizenz<\/h2>\n\n<p>Sofern nicht anders angegeben, besitzen LS MOTA NEGOCIOS DIGITAIS LTDA und\/oder ihre Lizenzgeber die geistigen Eigentumsrechte an allen Materialien von SuperReceitas. Alle geistigen Eigentumsrechte sind vorbehalten. Sie d\u00fcrfen diese auf SuperReceitas f\u00fcr den pers\u00f6nlichen Gebrauch nutzen, vorbehaltlich der in diesen Allgemeinen Gesch\u00e4ftsbedingungen festgelegten Einschr\u00e4nkungen.  <\/p>\n\n<p>Sie d\u00fcrfen nicht:<\/p>\n\n<ul class=\"wp-block-list\"><li>Material von SuperReceitas kopieren oder erneut ver\u00f6ffentlichen<\/li><li>Material von SuperReceitas verkaufen, vermieten oder unterlizenzieren<\/li><li>Material von SuperReceitas reproduzieren, duplizieren oder kopieren<\/li><li>Inhalte von SuperReceitas weiterverbreiten<\/li><\/ul>\n\n<p>Diese Vereinbarung tritt mit dem heutigen Datum in Kraft.<\/p>\n\n<p>Teile dieser Website bieten Nutzern die M\u00f6glichkeit, in bestimmten Bereichen der Website Meinungen und Informationen zu ver\u00f6ffentlichen und auszutauschen. LS MOTA NEGOCIOS DIGITAIS LTDA filtert, bearbeitet, ver\u00f6ffentlicht oder \u00fcberpr\u00fcft Kommentare nicht, bevor sie auf der Website erscheinen. Die Kommentare spiegeln nicht die Ansichten und Meinungen von LS MOTA NEGOCIOS DIGITAIS LTDA, ihren Vertretern und\/oder verbundenen Unternehmen wider. Die Kommentare spiegeln die Ansichten und Meinungen der Person wider, die ihre Ansichten und Meinungen ver\u00f6ffentlicht. Soweit nach geltendem Recht zul\u00e4ssig, ist LS MOTA NEGOCIOS DIGITAIS LTDA nicht verantwortlich f\u00fcr die Kommentare oder jegliche Haftung, Sch\u00e4den oder Ausgaben, die durch die Nutzung und\/oder Ver\u00f6ffentlichung und\/oder das Erscheinen der Kommentare auf dieser Website verursacht und\/oder erlitten werden.    <\/p>\n\n<p>LS MOTA NEGOCIOS DIGITAIS LTDA beh\u00e4lt sich das Recht vor, alle Kommentare zu \u00fcberwachen und Kommentare zu entfernen, die als unangemessen, beleidigend oder als Versto\u00df gegen diese Allgemeinen Gesch\u00e4ftsbedingungen angesehen werden k\u00f6nnten.<\/p>\n\n<p>Sie garantieren und erkl\u00e4ren, dass:<\/p>\n\n<ul class=\"wp-block-list\"><li>Sie das Recht haben, die Kommentare auf unserer Website zu ver\u00f6ffentlichen und alle erforderlichen Lizenzen und Zustimmungen daf\u00fcr besitzen;<\/li><li>Die Kommentare keine geistigen Eigentumsrechte Dritter verletzen, einschlie\u00dflich, aber nicht beschr\u00e4nkt auf Urheberrechte, Patente oder Markenrechte<\/li><li>Die Kommentare kein diffamierendes, verleumderisches, beleidigendes, unanst\u00e4ndiges oder illegales Material enthalten, das eine Verletzung der Privatsph\u00e4re darstellt.<\/li><li>Die Kommentare nicht dazu verwendet werden, Gesch\u00e4fte oder Br\u00e4uche anzufordern oder zu f\u00f6rdern oder kommerzielle Aktivit\u00e4ten oder illegale Aktivit\u00e4ten darzustellen.<\/li><\/ul>\n\n<p>Sie gew\u00e4hren LS MOTA NEGOCIOS DIGITAIS LTDA eine nicht-exklusive Lizenz zur Nutzung, Reproduktion, Bearbeitung und zur Genehmigung anderer, Ihre Kommentare in allen Formen, Formaten oder Medien zu nutzen, zu reproduzieren und zu bearbeiten.<\/p>\n\n<p>Hyperlinks zu unseren Inhalten:<\/p>\n\n<p>Die folgenden Organisationen d\u00fcrfen ohne vorherige schriftliche Genehmigung auf unsere Website verlinken:<\/p>\n\n<ul class=\"wp-block-list\"><li>Regierungsbeh\u00f6rden;<\/li><li>Suchmaschinen;<\/li><li>Nachrichtenorganisationen;<\/li><li>Online-Verzeichnisanbieter d\u00fcrfen auf unsere Website verlinken, und zwar auf die gleiche Weise, wie sie auf die Websites anderer gelisteter Unternehmen verlinken; und<\/li><\/ul>\n\n<p>Systemweit akkreditierte Unternehmen, ausgenommen gemeinn\u00fctzige Organisationen, Wohlt\u00e4tigkeits-Einkaufszentren und Spendenaktionen, die m\u00f6glicherweise nicht auf unsere Website verlinken d\u00fcrfen.<\/p>\n\n<p>Diese Organisationen d\u00fcrfen auf unsere Startseite, Ver\u00f6ffentlichungen oder andere Website-Informationen verlinken, vorausgesetzt, der Link: (a) ist in keiner Weise irref\u00fchrend; (b) impliziert nicht f\u00e4lschlicherweise Sponsoring, Billigung oder Genehmigung der verlinkenden Partei und ihrer Produkte und\/oder Dienstleistungen; und (c) passt in den Kontext der Website der verlinkenden Partei.   <\/p>\n\n<p>Wir k\u00f6nnen weitere Linkanfragen von den folgenden Arten von Organisationen pr\u00fcfen und genehmigen:<\/p>\n\n<ul class=\"wp-block-list\"><li>allgemein bekannte Verbraucher- und\/oder Gesch\u00e4ftsinformationsquellen;<\/li><li>.com-Community-Websites;<\/li><li>Verb\u00e4nde oder andere Gruppen, die Wohlt\u00e4tigkeitsorganisationen vertreten;<\/li><li>Online-Verzeichnisanbieter;<\/li><li>Internetportale;<\/li><li>Wirtschaftspr\u00fcfungs-, Anwalts- und Beratungsunternehmen; und<\/li><li>Bildungseinrichtungen und Handelsverb\u00e4nde.<\/li><\/ul>\n\n<p>Wir werden Linkanfragen dieser Organisationen genehmigen, wenn wir entscheiden, dass: (a) der Link uns selbst oder unseren akkreditierten Unternehmen nicht ung\u00fcnstig erscheinen l\u00e4sst; (b) die Organisation keine negativen Eintr\u00e4ge bei uns hat; (c) der Nutzen der Hyperlink-Sichtbarkeit f\u00fcr uns die Abwesenheit von LS MOTA NEGOCIOS DIGITAIS LTDA aufwiegt; und (d) der Link im Kontext allgemeiner Ressourceninformationen steht.    <\/p>\n\n<p>Diese Organisationen d\u00fcrfen auf unsere Startseite verlinken, vorausgesetzt, der Link: (a) ist in keiner Weise irref\u00fchrend; (b) impliziert nicht f\u00e4lschlicherweise Sponsoring, Billigung oder Genehmigung der verlinkenden Partei und ihrer Produkte oder Dienstleistungen; und (c) passt in den Kontext der Website der verlinkenden Partei.   <\/p>\n\n<p>Wenn Sie eine der oben in Absatz 2 aufgef\u00fchrten Organisationen sind und daran interessiert sind, auf unsere Website zu verlinken, m\u00fcssen Sie uns dies per E-Mail an LS MOTA NEGOCIOS DIGITAIS LTDA mitteilen. Geben Sie Ihren Namen, den Namen Ihrer Organisation, Ihre Kontaktinformationen sowie die URL Ihrer Website, eine Liste aller URLs, von denen Sie auf unsere Website verlinken m\u00f6chten, und eine Liste der URLs unserer Website an, auf die Sie verlinken m\u00f6chten. Rechnen Sie mit einer Antwort innerhalb von 2-3 Wochen.  <\/p>\n\n<p>Genehmigte Organisationen d\u00fcrfen wie folgt auf unsere Website verlinken:<\/p>\n\n<p>Durch die Verwendung unseres Firmennamens; oder<\/p>\n\n<p>Durch die Verwendung des Uniform Resource Locators (URL), auf den verlinkt wird; oder<\/p>\n\n<p>Die Verwendung einer anderen Beschreibung unserer verlinkten Website, die im Kontext und Format des Inhalts auf der Website der verlinkenden Partei sinnvoll ist.<\/p>\n\n<p>Die Verwendung des Logos von LS MOTA NEGOCIOS DIGITAIS LTDA oder anderer Kunstwerke f\u00fcr die Verlinkung ist ohne einen Markenlizenvertrag nicht gestattet.<\/p>\n\n<h2 class=\"wp-block-heading\">Haftung f\u00fcr Inhalte:<\/h2>\n\n<p>Wir \u00fcbernehmen keine Verantwortung f\u00fcr Inhalte, die auf Ihrer Website erscheinen. Sie erkl\u00e4ren sich damit einverstanden, uns vor allen auf Ihrer Website erhobenen Anspr\u00fcchen zu sch\u00fctzen und zu verteidigen. Es d\u00fcrfen keine Links auf Websites erscheinen, die als diffamierend, obsz\u00f6n oder kriminell ausgelegt werden k\u00f6nnten oder die Rechte Dritter verletzen, anderweitig verletzen oder die Verletzung oder andere Verletzung solcher Rechte bef\u00fcrworten.  <\/p>\n\n<h2 class=\"wp-block-heading\">Rechtevorbehalt:<\/h2>\n\n<p>Wir behalten uns das Recht vor, Sie aufzufordern, alle Links oder einen bestimmten Link zu unserer Website zu entfernen. Sie stimmen der sofortigen Entfernung aller Links zu unserer Website auf Anfrage zu. Wir behalten uns au\u00dferdem das Recht vor, diese Allgemeinen Gesch\u00e4ftsbedingungen und unsere Verlinkungsrichtlinien jederzeit zu \u00e4ndern. Durch die fortgesetzte Verlinkung auf unsere Website erkl\u00e4ren Sie sich damit einverstanden, diese Verlinkungsbedingungen einzuhalten und zu befolgen.   <\/p>\n\n<h2 class=\"wp-block-heading\">Entfernung von Links von unserer Website:<\/h2>\n\n<p>Wenn Sie auf unserer Website einen Link finden, der aus irgendeinem Grund anst\u00f6\u00dfig ist, k\u00f6nnen Sie uns jederzeit kontaktieren und informieren. Wir werden Anfragen zur Entfernung von Links pr\u00fcfen, sind jedoch nicht verpflichtet, Ihnen direkt zu antworten. <\/p>\n\n<p>Wir garantieren nicht, dass die auf dieser Website enthaltenen Informationen korrekt sind. Wir garantieren weder deren Vollst\u00e4ndigkeit oder Richtigkeit, noch versprechen wir, dass die Website verf\u00fcgbar bleibt oder dass das Material auf der Website aktuell gehalten wird. <\/p>\n\n<h2 class=\"wp-block-heading\">Haftungsausschluss:<\/h2>\n\n<p>Im gr\u00f6\u00dftm\u00f6glichen Umfang, der nach geltendem Recht zul\u00e4ssig ist, schlie\u00dfen wir alle Zusicherungen, Gew\u00e4hrleistungen und Bedingungen im Zusammenhang mit unserer Website und der Nutzung dieser Website aus. Nichts in diesem Haftungsausschluss wird: <\/p>\n\n<ul class=\"wp-block-list\"><li>unsere oder Ihre Haftung f\u00fcr Tod oder Personensch\u00e4den begrenzen oder ausschlie\u00dfen;<\/li><li>unsere oder Ihre Haftung f\u00fcr Betrug oder betr\u00fcgerische Falschdarstellung begrenzen oder ausschlie\u00dfen;<\/li><li>eine unserer oder Ihrer Haftungen in einer Weise begrenzen, die nach geltendem Recht nicht zul\u00e4ssig ist; oder<\/li><li>eine unserer oder Ihrer Haftungen ausschlie\u00dfen, die nach geltendem Recht nicht ausgeschlossen werden kann.<\/li><\/ul>\n\n<p>Die in diesem Abschnitt und an anderer Stelle dieses Haftungsausschlusses festgelegten Haftungsbeschr\u00e4nkungen und -verbote: (a) unterliegen dem vorstehenden Absatz; und (b) regeln alle Haftungen, die sich aus dem Haftungsausschluss ergeben, einschlie\u00dflich Haftungen aus Vertrag, unerlaubter Handlung und Verletzung gesetzlicher Pflichten.  <\/p>\n\n<p>Solange die Website sowie die Informationen und Dienste auf der Website kostenlos zur Verf\u00fcgung gestellt werden, haften wir nicht f\u00fcr Verluste oder Sch\u00e4den jeglicher Art.<\/p>\n","protected":false},"excerpt":{"rendered":"<p>Allgemeine Gesch\u00e4ftsbedingungen Willkommen bei SuperReceitas! Diese Allgemeinen Gesch\u00e4ftsbedingungen beschreiben die Regeln und Vorschriften f\u00fcr die Nutzung der Website von LS MOTA NEGOCIOS DIGITAIS LTDA, zu finden unter superreceitas.com. Durch den Zugriff auf diese Website gehen wir davon aus, dass Sie diese Allgemeinen Gesch\u00e4ftsbedingungen akzeptieren. Nutzen Sie SuperReceitas nicht weiter, wenn Sie nicht damit einverstanden sind, [&hellip;]<\/p>\n","protected":false},"author":1,"featured_media":0,"parent":0,"menu_order":0,"comment_status":"closed","ping_status":"closed","template":"","meta":{"wprm-recipe-roundup-name":"","wprm-recipe-roundup-description":"","tdm_status":"","tdm_grid_status":"","footnotes":""},"class_list":["post-10975","page","type-page","status-publish","hentry"],"_links":{"self":[{"href":"https:\/\/superreceitas.com\/de\/wp-json\/wp\/v2\/pages\/10975","targetHints":{"allow":["GET"]}}],"collection":[{"href":"https:\/\/superreceitas.com\/de\/wp-json\/wp\/v2\/pages"}],"about":[{"href":"https:\/\/superreceitas.com\/de\/wp-json\/wp\/v2\/types\/page"}],"author":[{"embeddable":true,"href":"https:\/\/superreceitas.com\/de\/wp-json\/wp\/v2\/users\/1"}],"replies":[{"embeddable":true,"href":"https:\/\/superreceitas.com\/de\/wp-json\/wp\/v2\/comments?post=10975"}],"version-history":[{"count":1,"href":"https:\/\/superreceitas.com\/de\/wp-json\/wp\/v2\/pages\/10975\/revisions"}],"predecessor-version":[{"id":10980,"href":"https:\/\/superreceitas.com\/de\/wp-json\/wp\/v2\/pages\/10975\/revisions\/10980"}],"wp:attachment":[{"href":"https:\/\/superreceitas.com\/de\/wp-json\/wp\/v2\/media?parent=10975"}],"curies":[{"name":"wp","href":"https:\/\/api.w.org\/{rel}","templated":true}]}}