{"id":12272,"date":"2022-03-01T08:44:22","date_gmt":"2022-03-01T12:44:22","guid":{"rendered":"https:\/\/superreceitas.com\/datenschutzrichtlinien\/"},"modified":"2022-03-01T08:44:22","modified_gmt":"2022-03-01T12:44:22","slug":"datenschutzrichtlinien","status":"publish","type":"page","link":"https:\/\/superreceitas.com\/de\/datenschutzrichtlinien\/","title":{"rendered":"Datenschutzrichtlinien"},"content":{"rendered":"<h2>Datenschutzrichtlinie<\/h2>\n<p>Deine Privatsph\u00e4re ist uns wichtig. Es ist die Richtlinie von Super Receitas, deine Privatsph\u00e4re in Bezug auf alle Informationen zu respektieren, die wir m\u00f6glicherweise auf der Website Super Receitas und anderen Websites, die wir besitzen und betreiben, sammeln. <\/p>\n<p>Wir fordern pers\u00f6nliche Informationen nur an, wenn wir sie wirklich ben\u00f6tigen, um dir einen Service zu bieten. Wir tun dies auf faire und legale Weise, mit deinem Wissen und deiner Zustimmung. Wir informieren auch dar\u00fcber, warum wir sammeln und wie es verwendet wird.  <\/p>\n<p>Wir behalten die gesammelten Informationen nur so lange, wie n\u00f6tig ist, um den angeforderten Service zu erbringen. Wenn wir Daten speichern, sch\u00fctzen wir sie mit kommerziell akzeptablen Mitteln, um Verlust und Diebstahl sowie unbefugten Zugriff, Offenlegung, Kopieren, Verwendung oder \u00c4nderung zu verhindern. <\/p>\n<p>Wir teilen keine pers\u00f6nlich identifizierbaren Informationen \u00f6ffentlich oder mit Dritten, au\u00dfer wenn gesetzlich vorgeschrieben.<\/p>\n<p>Unsere Website kann Links zu externen Websites enthalten, die nicht von uns betrieben werden. Bitte beachte, dass wir keine Kontrolle \u00fcber den Inhalt und die Praktiken dieser Websites haben und keine Verantwortung f\u00fcr ihre jeweiligen Datenschutzrichtlinien \u00fcbernehmen k\u00f6nnen. <\/p>\n<p>Du kannst unsere Anfrage nach pers\u00f6nlichen Informationen ablehnen, wobei du verstehst, dass wir m\u00f6glicherweise nicht alle gew\u00fcnschten Services anbieten k\u00f6nnen.<\/p>\n<p>Die fortgesetzte Nutzung unserer Website wird als Akzeptanz unserer Praktiken bez\u00fcglich Privatsph\u00e4re und pers\u00f6nlicher Informationen betrachtet. Wenn du Fragen dazu hast, wie wir mit Benutzerdaten und pers\u00f6nlichen Informationen umgehen, kontaktiere uns. <\/p>\n<h2>Cookie-Richtlinie Super Receitas<\/h2>\n<h3>Was sind Cookies?<\/h3>\n<p>Wie es bei fast allen professionellen Websites \u00fcblich ist, verwendet diese Website Cookies, das sind kleine Dateien, die auf deinen Computer heruntergeladen werden, um deine Erfahrung zu verbessern. Diese Seite beschreibt, welche Informationen sie sammeln, wie wir sie verwenden und warum wir manchmal diese Cookies speichern m\u00fcssen. Wir teilen auch mit, wie du verhindern kannst, dass diese Cookies gespeichert werden, jedoch kann dies bestimmte Elemente der Website-Funktionalit\u00e4t herabstufen oder \u201ekaputt machen&#8220;.  <\/p>\n<h3>Wie verwenden wir Cookies?<\/h3>\n<p>Wir verwenden Cookies aus verschiedenen Gr\u00fcnden, die unten detailliert aufgef\u00fchrt sind. Leider gibt es in den meisten F\u00e4llen keine branchen\u00fcblichen Optionen, um Cookies zu deaktivieren, ohne die Funktionalit\u00e4t und Features, die sie zu dieser Website hinzuf\u00fcgen, vollst\u00e4ndig zu deaktivieren. Es wird empfohlen, dass du alle Cookies bel\u00e4sst, wenn du dir nicht sicher bist, ob du sie ben\u00f6tigst oder nicht, falls sie verwendet werden, um einen Service bereitzustellen, den du nutzt.  <\/p>\n<h3>Cookies deaktivieren<\/h3>\n<p>Du kannst die Einstellung von Cookies verhindern, indem du die Einstellungen deines Browsers anpasst (siehe Browser-Hilfe, um zu erfahren, wie das geht). Beachte, dass die Deaktivierung von Cookies die Funktionalit\u00e4t dieser und vieler anderer Websites, die du besuchst, beeintr\u00e4chtigt. Die Deaktivierung von Cookies f\u00fchrt normalerweise zur Deaktivierung bestimmter Funktionalit\u00e4ten und Features dieser Website. Daher wird empfohlen, dass du Cookies nicht deaktivierst.   <\/p>\n<h3>Cookies, die wir setzen<\/h3>\n<ul>\n<li>Kontobezogene Cookies: Wenn du ein Konto bei uns erstellst, verwenden wir Cookies f\u00fcr die Verwaltung des Anmeldeprozesses und die allgemeine Administration. Diese Cookies werden normalerweise gel\u00f6scht, wenn du dich abmeldest, jedoch k\u00f6nnen sie in einigen F\u00e4llen danach bestehen bleiben, um deine Website-Pr\u00e4ferenzen beim Abmelden zu merken. <\/li>\n<li>Login-bezogene Cookies: Wir verwenden Cookies, wenn du eingeloggt bist, damit wir uns an diese Aktion erinnern k\u00f6nnen. Dies verhindert, dass du dich jedes Mal anmelden musst, wenn du eine neue Seite besuchst. Diese Cookies werden normalerweise entfernt oder gel\u00f6scht, wenn du dich abmeldest, um sicherzustellen, dass du nur auf eingeschr\u00e4nkte Ressourcen und Bereiche zugreifen kannst, wenn du eingeloggt bist.  <\/li>\n<li>E-Mail-Newsletter-bezogene Cookies: Diese Website bietet Newsletter- oder E-Mail-Abonnement-Services an und Cookies k\u00f6nnen verwendet werden, um zu merken, ob du bereits registriert bist und ob bestimmte Benachrichtigungen angezeigt werden sollen, die nur f\u00fcr angemeldete\/nicht angemeldete Benutzer g\u00fcltig sind.<\/li>\n<li>Bestellungsverarbeitungs-bezogene Cookies: Diese Website bietet E-Commerce- oder Zahlungsm\u00f6glichkeiten an und einige Cookies sind wesentlich, um sicherzustellen, dass deine Bestellung zwischen den Seiten gespeichert wird, damit wir sie ordnungsgem\u00e4\u00df verarbeiten k\u00f6nnen.<\/li>\n<li>Umfrage-bezogene Cookies: Regelm\u00e4\u00dfig bieten wir Umfragen und Frageb\u00f6gen an, um interessante Informationen, n\u00fctzliche Tools bereitzustellen oder unsere Benutzerbasis genauer zu verstehen. Diese Umfragen k\u00f6nnen Cookies verwenden, um zu merken, wer bereits an einer Umfrage teilgenommen hat oder um genaue Ergebnisse nach dem Wechseln der Seiten zu liefern. <\/li>\n<li>Formular-bezogene Cookies: Wenn du Daten \u00fcber ein Formular sendest, wie sie auf Kontaktseiten oder in Kommentarformularen zu finden sind, k\u00f6nnen Cookies gesetzt werden, um Benutzerdetails f\u00fcr zuk\u00fcnftige Korrespondenz zu merken.<\/li>\n<li>Website-Pr\u00e4ferenz-Cookies: Um eine gro\u00dfartige Erfahrung auf dieser Website zu bieten, stellen wir die Funktionalit\u00e4t bereit, deine Pr\u00e4ferenzen daf\u00fcr zu definieren, wie diese Website l\u00e4uft, wenn du sie verwendest. Um deine Pr\u00e4ferenzen zu merken, m\u00fcssen wir Cookies setzen, damit diese Informationen abgerufen werden k\u00f6nnen, wann immer du mit einer Seite interagierst, die von deinen Pr\u00e4ferenzen betroffen ist. <\/li>\n<\/ul>\n<h3>Drittanbieter-Cookies<\/h3>\n<p>In einigen besonderen F\u00e4llen verwenden wir auch Cookies, die von vertrauensw\u00fcrdigen Dritten bereitgestellt werden. Der folgende Abschnitt beschreibt, welche Drittanbieter-Cookies du \u00fcber diese Website antreffen k\u00f6nntest. <\/p>\n<ul>\n<li>Diese Website verwendet Google Analytics, eine der am weitesten verbreiteten und vertrauensw\u00fcrdigsten Analysel\u00f6sungen im Web, um uns zu helfen zu verstehen, wie du die Website nutzt und wie wir deine Erfahrung verbessern k\u00f6nnen. Diese Cookies k\u00f6nnen Dinge verfolgen wie die Zeit, die du auf der Website verbringst, und die besuchten Seiten, damit wir weiterhin ansprechende Inhalte produzieren k\u00f6nnen. <\/li>\n<\/ul>\n<p>F\u00fcr weitere Informationen \u00fcber Google Analytics-Cookies siehe die offizielle Google Analytics-Seite.<\/p>\n<ul>\n<li>Drittanbieter-Analysen werden verwendet, um die Nutzung dieser Website zu verfolgen und zu messen, damit wir weiterhin ansprechende Inhalte produzieren k\u00f6nnen. Diese Cookies k\u00f6nnen Dinge wie die Zeit, die du auf der Website verbringst, oder die besuchten Seiten verfolgen, was uns hilft zu verstehen, wie wir die Website f\u00fcr dich verbessern k\u00f6nnen. <\/li>\n<li>Regelm\u00e4\u00dfig testen wir neue Features und nehmen subtile \u00c4nderungen an der Art vor, wie sich die Website pr\u00e4sentiert. Wenn wir noch neue Features testen, k\u00f6nnen diese Cookies verwendet werden, um sicherzustellen, dass du eine konsistente Erfahrung erh\u00e4ltst, w\u00e4hrend du auf der Website bist, w\u00e4hrend wir verstehen, welche Optimierungen unsere Benutzer am meisten sch\u00e4tzen. <\/li>\n<li>Da wir Produkte verkaufen, ist es wichtig, dass wir die Statistiken dar\u00fcber verstehen, wie viele Besucher unserer Website tats\u00e4chlich kaufen, und daher ist das die Art von Daten, die diese Cookies verfolgen. Das ist wichtig f\u00fcr dich, da es bedeutet, dass wir genaue Gesch\u00e4ftsprognosen erstellen k\u00f6nnen, die es uns erm\u00f6glichen, unsere Werbe- und Produktkosten zu analysieren, um den bestm\u00f6glichen Preis zu gew\u00e4hrleisten. <\/li>\n<li>Der Google AdSense-Service, den wir zur Anzeigenschaltung verwenden, nutzt ein DoubleClick-Cookie, um relevantere Anzeigen im gesamten Web zu schalten und die Anzahl der Male zu begrenzen, die eine bestimmte Anzeige dir angezeigt wird.<br \/>\nF\u00fcr weitere Informationen \u00fcber Google AdSense siehe die offiziellen Google AdSense-Datenschutz-FAQs.<\/li>\n<li>Wir verwenden Anzeigen, um die Betriebskosten dieser Website auszugleichen und Finanzierung f\u00fcr zuk\u00fcnftige Entwicklungen bereitzustellen. Die von dieser Website verwendeten Verhaltenswerbe-Cookies wurden entwickelt, um sicherzustellen, dass du wann immer m\u00f6glich die relevantesten Anzeigen erh\u00e4ltst, indem sie anonym deine Interessen verfolgen und \u00e4hnliche Dinge pr\u00e4sentieren, die dich interessieren k\u00f6nnten. <\/li>\n<li>Verschiedene Partner werben in unserem Namen und Affiliate-Tracking-Cookies erm\u00f6glichen es uns einfach zu sehen, ob unsere Kunden \u00fcber eine der Websites unserer Partner auf die Website zugegriffen haben, damit wir sie angemessen w\u00fcrdigen k\u00f6nnen und, wenn zutreffend, unseren Affiliate-Partnern erm\u00f6glichen, jede Promotion anzubieten, die sie dir f\u00fcr einen Kauf anbieten k\u00f6nnen.<\/li>\n<\/ul>\n<h3>Benutzerverpflichtung<\/h3>\n<p>Der Benutzer verpflichtet sich, angemessenen Gebrauch von den Inhalten und Informationen zu machen, die Super Receitas auf der Website anbietet, und zwar beispielhaft, aber nicht beschr\u00e4nkend:<\/p>\n<ul>\n<li>A) Sich nicht an Aktivit\u00e4ten zu beteiligen, die illegal oder gegen Treu und Glauben und die \u00f6ffentliche Ordnung sind;<\/li>\n<li>B) Keine Propaganda oder Inhalte rassistischer, fremdenfeindlicher Natur zu verbreiten, <a style=\"color: inherit !important; text-decoration: none !important;\" href=\"https:\/\/ondeapostar.pt\/onde-da-a-bola\/\">Onde Bola<\/a> oder Gl\u00fccksspiel, jede Art illegaler Pornografie, Terrorismus-Bef\u00fcrwortung oder gegen die Menschenrechte;<\/li>\n<li>C) Keine Sch\u00e4den an den physischen Systemen (Hardware) und logischen Systemen (Software) von Super Receitas, seinen Lieferanten oder Dritten zu verursachen, um Computerviren oder andere Hardware- oder Software-Systeme einzuf\u00fchren oder zu verbreiten, die die zuvor erw\u00e4hnten Sch\u00e4den verursachen k\u00f6nnen.<\/li>\n<\/ul>\n<h3>Weitere Informationen<\/h3>\n<p>Wir hoffen, das ist gekl\u00e4rt und, wie bereits erw\u00e4hnt, wenn es etwas gibt, bei dem du dir nicht sicher bist, ob du es brauchst oder nicht, ist es normalerweise sicherer, Cookies aktiviert zu lassen, falls es mit einem der Features interagiert, die du auf unserer Website verwendest.<\/p>\n<p>Diese Richtlinie ist ab <strong>M\u00e4rz<\/strong>\/<strong>2022<\/strong> wirksam.<\/p>\n","protected":false},"excerpt":{"rendered":"<p>Datenschutzrichtlinie Deine Privatsph\u00e4re ist uns wichtig. Es ist die Richtlinie von Super Receitas, deine Privatsph\u00e4re in Bezug auf alle Informationen zu respektieren, die wir m\u00f6glicherweise auf der Website Super Receitas und anderen Websites, die wir besitzen und betreiben, sammeln. Wir fordern pers\u00f6nliche Informationen nur an, wenn wir sie wirklich ben\u00f6tigen, um dir einen Service zu [&hellip;]<\/p>\n","protected":false},"author":1,"featured_media":0,"parent":0,"menu_order":0,"comment_status":"closed","ping_status":"closed","template":"","meta":{"wprm-recipe-roundup-name":"","wprm-recipe-roundup-description":"","tdm_status":"","tdm_grid_status":"","footnotes":""},"class_list":["post-12272","page","type-page","status-publish","hentry"],"_links":{"self":[{"href":"https:\/\/superreceitas.com\/de\/wp-json\/wp\/v2\/pages\/12272","targetHints":{"allow":["GET"]}}],"collection":[{"href":"https:\/\/superreceitas.com\/de\/wp-json\/wp\/v2\/pages"}],"about":[{"href":"https:\/\/superreceitas.com\/de\/wp-json\/wp\/v2\/types\/page"}],"author":[{"embeddable":true,"href":"https:\/\/superreceitas.com\/de\/wp-json\/wp\/v2\/users\/1"}],"replies":[{"embeddable":true,"href":"https:\/\/superreceitas.com\/de\/wp-json\/wp\/v2\/comments?post=12272"}],"version-history":[{"count":0,"href":"https:\/\/superreceitas.com\/de\/wp-json\/wp\/v2\/pages\/12272\/revisions"}],"wp:attachment":[{"href":"https:\/\/superreceitas.com\/de\/wp-json\/wp\/v2\/media?parent=12272"}],"curies":[{"name":"wp","href":"https:\/\/api.w.org\/{rel}","templated":true}]}}