{"id":10959,"date":"2022-03-01T08:46:31","date_gmt":"2022-03-01T12:46:31","guid":{"rendered":"https:\/\/superreceitas.com\/terminos-de-uso\/"},"modified":"2025-11-28T08:32:39","modified_gmt":"2025-11-28T12:32:39","slug":"terminos-de-uso","status":"publish","type":"page","link":"https:\/\/superreceitas.com\/es\/terminos-de-uso\/","title":{"rendered":"T\u00e9rminos de uso"},"content":{"rendered":"\n<h2 class=\"wp-block-heading\">T\u00e9rminos y condiciones<\/h2>\n\n<p>\u00a1Bienvenido a SuperReceitas!<\/p>\n\n<p>Estos t\u00e9rminos y condiciones describen las reglas y regulaciones para el uso del sitio web de LS MOTA NEGOCIOS DIGITAIS LTDA, ubicado en superreceitas.com.<\/p>\n\n<p>Al acceder a este sitio web, asumimos que aceptas estos t\u00e9rminos y condiciones. No contin\u00faes usando SuperReceitas si no est\u00e1s de acuerdo con todos los t\u00e9rminos y condiciones indicados en esta p\u00e1gina. <\/p>\n\n<h2 class=\"wp-block-heading\">Cookies<\/h2>\n\n<p>El sitio web utiliza cookies para ayudar a personalizar tu experiencia online. Al acceder a SuperReceitas, aceptas usar las cookies necesarias. <\/p>\n\n<p>Una cookie es un archivo de texto que un servidor web coloca en tu disco duro. Las cookies no se pueden usar para ejecutar programas ni para enviar virus a tu ordenador. Las cookies se te asignan de forma exclusiva y solo las puede leer un servidor web en el dominio que te emiti\u00f3 la cookie.  <\/p>\n\n<p>Podemos usar cookies para recopilar, almacenar y rastrear informaci\u00f3n con fines estad\u00edsticos o de marketing para operar nuestro sitio web. Tienes la capacidad de aceptar o rechazar las cookies opcionales. Existen algunas cookies obligatorias que son necesarias para el funcionamiento de nuestro sitio web. Estas cookies no requieren tu consentimiento, ya que siempre funcionan. Recuerda que, al aceptar las cookies necesarias, tambi\u00e9n aceptas cookies de terceros, que pueden ser utilizadas a trav\u00e9s de servicios proporcionados por terceros si utilizas estos servicios en nuestro sitio web, por ejemplo, una ventana de visualizaci\u00f3n de v\u00eddeo proporcionada por terceros e integrada en nuestro sitio web.    <\/p>\n\n<h2 class=\"wp-block-heading\">Licencia<\/h2>\n\n<p>Salvo que se indique lo contrario, LS MOTA NEGOCIOS DIGITAIS LTDA y\/o sus licenciantes poseen los derechos de propiedad intelectual de todo el material de SuperReceitas. Todos los derechos de propiedad intelectual est\u00e1n reservados. Puedes acceder a \u00e9l en SuperReceitas para uso personal, sujeto a las restricciones establecidas en estos t\u00e9rminos y condiciones.  <\/p>\n\n<p>No debes:<\/p>\n\n<ul class=\"wp-block-list\"><li>Copiar o republicar material de SuperReceitas<\/li><li>Vender, alquilar o sublicenciar material de SuperReceitas<\/li><li>Reproducir, duplicar o copiar material de SuperReceitas<\/li><li>Redistribuir contenido de SuperReceitas<\/li><\/ul>\n\n<p>Este Contrato tendr\u00e1 inicio en la presente fecha.<\/p>\n\n<p>Partes de este sitio web ofrecen a los usuarios la oportunidad de publicar e intercambiar opiniones e informaci\u00f3n en determinadas \u00e1reas del sitio web. LS MOTA NEGOCIOS DIGITAIS LTDA no filtra, edita, publica ni revisa los Comentarios antes de su presencia en el sitio web. Los comentarios no reflejan los puntos de vista y opiniones de LS MOTA NEGOCIOS DIGITAIS LTDA, sus agentes y\/o afiliadas. Los comentarios reflejan los puntos de vista y opiniones de la persona que publica sus puntos de vista y opiniones. En la medida de lo permitido por las leyes aplicables, LS MOTA NEGOCIOS DIGITAIS LTDA no ser\u00e1 responsable de los Comentarios ni de ninguna responsabilidad, da\u00f1os o gastos causados \u200b\u200by\/o sufridos como resultado de cualquier uso y\/o publicaci\u00f3n y\/o apariencia de los comentarios en este sitio web.    <\/p>\n\n<p>LS MOTA NEGOCIOS DIGITAIS LTDA se reserva el derecho de supervisar todos los Comentarios y eliminar aquellos que puedan considerarse inapropiados, ofensivos o que causen una violaci\u00f3n de estos T\u00e9rminos y Condiciones.<\/p>\n\n<p>Garantizas y declaras que:<\/p>\n\n<ul class=\"wp-block-list\"><li>Tienes el derecho de publicar los Comentarios en nuestro sitio web y tienes todas las licencias y consentimientos necesarios para hacerlo;<\/li><li>Los Comentarios no invaden ning\u00fan derecho de propiedad intelectual, incluyendo, sin limitaci\u00f3n, derechos de autor, patentes o marcas registradas de terceros<\/li><li>Los Comentarios no contienen ning\u00fan material difamatorio, calumnioso, ofensivo, indecente o ilegal, lo que es una invasi\u00f3n de la privacidad.<\/li><li>Los Comentarios no se utilizar\u00e1n para solicitar o promover negocios o costumbres o presentar actividades comerciales o actividades ilegales.<\/li><\/ul>\n\n<p>Concedes a LS MOTA NEGOCIOS DIGITAIS LTDA una licencia no exclusiva para usar, reproducir, editar y autorizar a otros a usar, reproducir y editar cualquiera de tus Comentarios en toda y cualquier forma, formato o medio.<\/p>\n\n<p>Hiperv\u00ednculos a nuestro contenido:<\/p>\n\n<p>Las siguientes organizaciones pueden vincularse a nuestro sitio web sin aprobaci\u00f3n previa por escrito:<\/p>\n\n<ul class=\"wp-block-list\"><li>Agencias gubernamentales;<\/li><li>Motores de b\u00fasqueda;<\/li><li>Organizaciones de noticias;<\/li><li>Los distribuidores de directorios online pueden vincularse a nuestro sitio web de la misma manera que se vinculan a los sitios web de otras empresas listadas; y<\/li><\/ul>\n\n<p>Empresas acreditadas en todo el sistema, excepto organizaciones sin fines lucrativos, centros comerciales de caridad y grupos de recaudaci\u00f3n de fondos de caridad que pueden no tener enlaces a nuestro sitio web.<\/p>\n\n<p>Estas organizaciones pueden crear enlaces a nuestra p\u00e1gina de inicio, publicaciones u otra informaci\u00f3n del sitio web, siempre que el enlace: (a) no sea de forma alguna enga\u00f1oso; (b) no implique falsamente patrocinio, respaldo o aprobaci\u00f3n de la parte vinculada y sus productos y\/o servicios; y (c) se encuadre en el contexto del sitio web de la parte vinculada.   <\/p>\n\n<p>Podemos considerar y aprobar otras solicitudes de enlaces de los siguientes tipos de organizaciones:<\/p>\n\n<ul class=\"wp-block-list\"><li>fuentes de informaci\u00f3n de consumidores y\/o negocios com\u00fanmente conocidas;<\/li><li>sitios de la comunidad punto.com;<\/li><li>asociaciones u otros grupos que representan instituciones de caridad;<\/li><li>distribuidores de directorios online;<\/li><li>portales de internet;<\/li><li>empresas de contabilidad, abogac\u00eda y consultor\u00eda; y<\/li><li>instituciones de ense\u00f1anza y asociaciones comerciales.<\/li><\/ul>\n\n<p>Aprobaremos solicitudes de enlaces de estas organizaciones si decidimos que: (a) el enlace no nos har\u00eda parecer desfavorable a nosotros mismos ni a nuestros negocios acreditados; (b) la organizaci\u00f3n no posee registros negativos con nosotros; (c) el beneficio para nosotros de la visibilidad del hiperv\u00ednculo compensa la ausencia de LS MOTA NEGOCIOS DIGITAIS LTDA; y (d) el enlace est\u00e1 en el contexto de informaci\u00f3n general sobre recursos.    <\/p>\n\n<p>Estas organizaciones pueden crear enlaces a nuestra p\u00e1gina de inicio, siempre que el enlace: (a) no sea enga\u00f1oso de forma alguna; (b) no implique falsamente patrocinio, respaldo o aprobaci\u00f3n de la parte vinculada y sus productos o servicios; y (c) se encuadre en el contexto del sitio web de la parte vinculada.   <\/p>\n\n<p>Si eres una de las organizaciones listadas en el p\u00e1rrafo 2 anterior y est\u00e1s interesado en conectarte a nuestro sitio web, debes informarnos enviando un correo electr\u00f3nico a LS MOTA NEGOCIOS DIGITAIS LTDA. Incluye tu nombre, nombre de tu organizaci\u00f3n, informaci\u00f3n de contacto, as\u00ed como la URL de tu sitio web, una lista de todas las URL desde las que pretendes vincular a nuestro sitio web y una lista de las URL de nuestro sitio web a las que te gustar\u00eda enlazar. Espera 2-3 semanas para recibir una respuesta.  <\/p>\n\n<p>Las organizaciones aprobadas pueden crear enlaces a nuestro sitio web de la siguiente manera:<\/p>\n\n<p>Por el uso de nuestro nombre corporativo; o<\/p>\n\n<p>Por el uso del localizador uniforme de recursos al que est\u00e1 vinculado; o<\/p>\n\n<p>El uso de cualquier otra descripci\u00f3n de nuestro sitio web vinculado al que tiene sentido dentro del contexto y formato del contenido en el sitio web de la parte vinculada.<\/p>\n\n<p>No se permitir\u00e1 el uso del logotipo de LS MOTA NEGOCIOS DIGITAIS LTDA u otras obras de arte para la vinculaci\u00f3n sin un contrato de licencia de marca registrada.<\/p>\n\n<h2 class=\"wp-block-heading\">Responsabilidad del contenido:<\/h2>\n\n<p>No nos responsabilizamos de ning\u00fan contenido que aparezca en tu sitio web. Aceptas protegernos y defendernos contra todas las reclamaciones planteadas en tu sitio web. Ning\u00fan enlace(s) debe(n) aparecer en ning\u00fan sitio web que pueda ser interpretado como difamatorio, obsceno o criminal, o que infrinja, viole de otra forma o defienda la violaci\u00f3n u otra violaci\u00f3n de cualquier derecho de terceros.  <\/p>\n\n<h2 class=\"wp-block-heading\">Reserva de Derechos:<\/h2>\n\n<p>Nos reservamos el derecho de solicitar que elimines todos los enlaces o cualquier enlace espec\u00edfico a nuestro sitio web. Apruebas la eliminaci\u00f3n inmediata de todos los enlaces a nuestro sitio web mediante solicitud. Tambi\u00e9n nos reservamos el derecho de modificar estos t\u00e9rminos y condiciones y su pol\u00edtica de vinculaci\u00f3n en cualquier momento. Al vincular continuamente a nuestro sitio web, aceptas comprometerte y seguir estos t\u00e9rminos y condiciones de vinculaci\u00f3n.   <\/p>\n\n<h2 class=\"wp-block-heading\">Eliminaci\u00f3n de enlaces de nuestro sitio web:<\/h2>\n\n<p>Si encuentras alg\u00fan enlace en nuestro sitio web que sea ofensivo por cualquier motivo, puedes ponerte en contacto con nosotros e informarnos en cualquier momento. Consideraremos las solicitudes para eliminar enlaces, pero no estamos obligados a responderte directamente. <\/p>\n\n<p>No garantizamos que la informaci\u00f3n contenida en este sitio web sea correcta. No garantizamos su integridad o precisi\u00f3n, ni prometemos garantizar que el sitio web permanezca disponible o que el material en el sitio web se mantenga actualizado. <\/p>\n\n<h2 class=\"wp-block-heading\">Exenci\u00f3n de responsabilidad:<\/h2>\n\n<p>En la medida m\u00e1xima permitida por la ley aplicable, excluimos todas las representaciones, garant\u00edas y condiciones relacionadas con nuestro sitio web y el uso de este sitio web. Nada en este aviso legal ir\u00e1: <\/p>\n\n<ul class=\"wp-block-list\"><li>limitar o excluir nuestra o tu responsabilidad por muerte o da\u00f1os personales;<\/li><li>limitar o excluir nuestra o tu responsabilidad por fraude o tergiversaci\u00f3n fraudulenta;<\/li><li>limitar cualquiera de nuestras o tus responsabilidades de cualquier forma que no est\u00e9 permitida por la ley aplicable; o<\/li><li>excluir cualquiera de nuestras o tus responsabilidades que no puedan ser excluidas por la ley aplicable.<\/li><\/ul>\n\n<p>Las limitaciones y prohibiciones de responsabilidad establecidas en esta Secci\u00f3n y en otras partes de esta exenci\u00f3n de responsabilidad: (a) est\u00e1n sujetas al p\u00e1rrafo anterior; y (b) rigen todas las responsabilidades que surjan de la exenci\u00f3n de responsabilidad, incluidas las responsabilidades que surjan de contrato, agravio y violaci\u00f3n de deber legal.  <\/p>\n\n<p>Siempre que el sitio web y la informaci\u00f3n y los servicios en el sitio web se proporcionen de forma gratuita, no seremos responsables de ninguna p\u00e9rdida o da\u00f1o de cualquier naturaleza.<\/p>\n","protected":false},"excerpt":{"rendered":"<p>T\u00e9rminos y condiciones \u00a1Bienvenido a SuperReceitas! Estos t\u00e9rminos y condiciones describen las reglas y regulaciones para el uso del sitio web de LS MOTA NEGOCIOS DIGITAIS LTDA, ubicado en superreceitas.com. Al acceder a este sitio web, asumimos que aceptas estos t\u00e9rminos y condiciones. No contin\u00faes usando SuperReceitas si no est\u00e1s de acuerdo con todos los [&hellip;]<\/p>\n","protected":false},"author":1,"featured_media":0,"parent":0,"menu_order":0,"comment_status":"closed","ping_status":"closed","template":"","meta":{"wprm-recipe-roundup-name":"","wprm-recipe-roundup-description":"","tdm_status":"","tdm_grid_status":"","footnotes":""},"class_list":["post-10959","page","type-page","status-publish","hentry"],"_links":{"self":[{"href":"https:\/\/superreceitas.com\/es\/wp-json\/wp\/v2\/pages\/10959","targetHints":{"allow":["GET"]}}],"collection":[{"href":"https:\/\/superreceitas.com\/es\/wp-json\/wp\/v2\/pages"}],"about":[{"href":"https:\/\/superreceitas.com\/es\/wp-json\/wp\/v2\/types\/page"}],"author":[{"embeddable":true,"href":"https:\/\/superreceitas.com\/es\/wp-json\/wp\/v2\/users\/1"}],"replies":[{"embeddable":true,"href":"https:\/\/superreceitas.com\/es\/wp-json\/wp\/v2\/comments?post=10959"}],"version-history":[{"count":1,"href":"https:\/\/superreceitas.com\/es\/wp-json\/wp\/v2\/pages\/10959\/revisions"}],"predecessor-version":[{"id":10960,"href":"https:\/\/superreceitas.com\/es\/wp-json\/wp\/v2\/pages\/10959\/revisions\/10960"}],"wp:attachment":[{"href":"https:\/\/superreceitas.com\/es\/wp-json\/wp\/v2\/media?parent=10959"}],"curies":[{"name":"wp","href":"https:\/\/api.w.org\/{rel}","templated":true}]}}