{"id":12264,"date":"2022-03-01T08:44:22","date_gmt":"2022-03-01T12:44:22","guid":{"rendered":"https:\/\/superreceitas.com\/politique-de-confidentialite\/"},"modified":"2022-03-01T08:44:22","modified_gmt":"2022-03-01T12:44:22","slug":"politique-de-confidentialite","status":"publish","type":"page","link":"https:\/\/superreceitas.com\/fr\/politique-de-confidentialite\/","title":{"rendered":"Politique de confidentialit\u00e9"},"content":{"rendered":"<h2>Politique de confidentialit\u00e9<\/h2>\n<p>Votre vie priv\u00e9e est importante pour nous. La politique de Super Receitas est de respecter votre vie priv\u00e9e concernant toute information que nous pourrions collecter sur le site Super Receitas, et sur les autres sites que nous poss\u00e9dons et exploitons. <\/p>\n<p>Nous ne demandons des informations personnelles que lorsque nous en avons r\u00e9ellement besoin pour vous fournir un service. Nous le faisons par des moyens justes et l\u00e9gaux, avec votre connaissance et votre consentement. Nous vous informons \u00e9galement pourquoi nous les collectons et comment elles seront utilis\u00e9es.  <\/p>\n<p>Nous ne conservons les informations collect\u00e9es que le temps n\u00e9cessaire pour fournir le service demand\u00e9. Lorsque nous stockons des donn\u00e9es, nous les prot\u00e9geons par des moyens commercialement acceptables afin d&rsquo;\u00e9viter les pertes et les vols, ainsi que l&rsquo;acc\u00e8s, la divulgation, la copie, l&rsquo;utilisation ou la modification non autoris\u00e9s. <\/p>\n<p>Nous ne partageons pas d&rsquo;informations personnellement identifiables publiquement ou avec des tiers, sauf si la loi l&rsquo;exige.<\/p>\n<p>Notre site peut contenir des liens vers des sites externes qui ne sont pas exploit\u00e9s par nous. Veuillez noter que nous n&rsquo;avons aucun contr\u00f4le sur le contenu et les pratiques de ces sites et ne pouvons accepter aucune responsabilit\u00e9 pour leurs politiques de confidentialit\u00e9 respectives. <\/p>\n<p>Vous \u00eates libre de refuser notre demande d&rsquo;informations personnelles, comprenant que nous pourrions ne pas \u00eatre en mesure de vous fournir certains des services souhait\u00e9s.<\/p>\n<p>L&rsquo;utilisation continue de notre site sera consid\u00e9r\u00e9e comme une acceptation de nos pratiques en mati\u00e8re de confidentialit\u00e9 et d&rsquo;informations personnelles. Si vous avez des questions sur la fa\u00e7on dont nous traitons les donn\u00e9es utilisateur et les informations personnelles, veuillez nous contacter. <\/p>\n<h2>Politique de cookies Super Receitas<\/h2>\n<h3>Que sont les cookies ?<\/h3>\n<p>Comme il est d&rsquo;usage sur presque tous les sites professionnels, ce site utilise des cookies, qui sont de petits fichiers t\u00e9l\u00e9charg\u00e9s sur votre ordinateur, pour am\u00e9liorer votre exp\u00e9rience. Cette page d\u00e9crit les informations qu&rsquo;ils collectent, comment nous les utilisons et pourquoi nous devons parfois stocker ces cookies. Nous vous expliquerons \u00e9galement comment vous pouvez emp\u00eacher le stockage de ces cookies, cependant, cela pourrait d\u00e9grader ou \u00ab casser \u00bb certains \u00e9l\u00e9ments de la fonctionnalit\u00e9 du site.  <\/p>\n<h3>Comment utilisons-nous les cookies ?<\/h3>\n<p>Nous utilisons des cookies pour diverses raisons, d\u00e9taill\u00e9es ci-dessous. Malheureusement, dans la plupart des cas, il n&rsquo;existe pas d&rsquo;options standard de l&rsquo;industrie pour d\u00e9sactiver les cookies sans d\u00e9sactiver compl\u00e8tement la fonctionnalit\u00e9 et les fonctionnalit\u00e9s qu&rsquo;ils ajoutent \u00e0 ce site. Il est recommand\u00e9 de laisser tous les cookies si vous n&rsquo;\u00eates pas s\u00fbr d&rsquo;en avoir besoin ou non, au cas o\u00f9 ils seraient utilis\u00e9s pour fournir un service que vous utilisez.  <\/p>\n<h3>D\u00e9sactiver les cookies<\/h3>\n<p>Vous pouvez emp\u00eacher la configuration des cookies en ajustant les param\u00e8tres de votre navigateur (consultez l&rsquo;aide de votre navigateur pour savoir comment faire). Sachez que la d\u00e9sactivation des cookies affectera la fonctionnalit\u00e9 de ce site et de nombreux autres sites que vous visitez. La d\u00e9sactivation des cookies entra\u00eenera g\u00e9n\u00e9ralement la d\u00e9sactivation de certaines fonctionnalit\u00e9s et caract\u00e9ristiques de ce site. Il est donc recommand\u00e9 de ne pas d\u00e9sactiver les cookies.   <\/p>\n<h3>Cookies que nous utilisons<\/h3>\n<ul>\n<li>Cookies li\u00e9s au compte. Si vous cr\u00e9ez un compte chez nous, nous utiliserons des cookies pour la gestion du processus d&rsquo;inscription et l&rsquo;administration g\u00e9n\u00e9rale. Ces cookies seront g\u00e9n\u00e9ralement supprim\u00e9s lorsque vous vous d\u00e9connecterez du syst\u00e8me, cependant, dans certains cas, ils pourront rester par la suite pour m\u00e9moriser les pr\u00e9f\u00e9rences de votre site lors de votre d\u00e9connexion. <\/li>\n<li>Cookies li\u00e9s \u00e0 la connexion. Nous utilisons des cookies lorsque vous \u00eates connect\u00e9, afin que nous puissions nous souvenir de cette action. Cela vous \u00e9vite de devoir vous connecter chaque fois que vous visitez une nouvelle page. Ces cookies sont normalement supprim\u00e9s ou nettoy\u00e9s lorsque vous vous d\u00e9connectez pour vous assurer que vous ne pouvez acc\u00e9der qu&rsquo;aux ressources et zones restreintes lorsque vous \u00eates connect\u00e9.  <\/li>\n<li>Cookies li\u00e9s aux newsletters par e-mail. Ce site propose des services d&rsquo;abonnement \u00e0 des newsletters ou par e-mail et les cookies peuvent \u00eatre utilis\u00e9s pour se souvenir si vous \u00eates d\u00e9j\u00e0 inscrit et s&rsquo;il faut afficher certaines notifications valables uniquement pour les utilisateurs inscrits \/ non inscrits.<\/li>\n<li>Cookies li\u00e9s au traitement des commandes. Ce site propose des facilit\u00e9s de commerce \u00e9lectronique ou de paiement et certains cookies sont essentiels pour garantir que votre commande soit m\u00e9moris\u00e9e entre les pages, afin que nous puissions la traiter correctement.<\/li>\n<li>Cookies li\u00e9s aux enqu\u00eates. P\u00e9riodiquement, nous proposons des enqu\u00eates et des questionnaires pour fournir des informations int\u00e9ressantes, des outils utiles ou pour comprendre plus pr\u00e9cis\u00e9ment notre base d&rsquo;utilisateurs. Ces enqu\u00eates peuvent utiliser des cookies pour se souvenir de qui a d\u00e9j\u00e0 particip\u00e9 \u00e0 une enqu\u00eate ou pour fournir des r\u00e9sultats pr\u00e9cis apr\u00e8s le changement de page. <\/li>\n<li>Cookies li\u00e9s aux formulaires. Lorsque vous soumettez des donn\u00e9es via un formulaire, comme ceux que l&rsquo;on trouve sur les pages de contact ou dans les formulaires de commentaires, les cookies peuvent \u00eatre configur\u00e9s pour m\u00e9moriser les d\u00e9tails de l&rsquo;utilisateur pour une correspondance future.<\/li>\n<li>Cookies de pr\u00e9f\u00e9rences du site. Pour offrir une excellente exp\u00e9rience sur ce site, nous offrons la fonctionnalit\u00e9 de d\u00e9finir vos pr\u00e9f\u00e9rences quant au fonctionnement de ce site lorsque vous l&rsquo;utilisez. Pour m\u00e9moriser vos pr\u00e9f\u00e9rences, nous devons d\u00e9finir des cookies afin que ces informations puissent \u00eatre appel\u00e9es chaque fois que vous interagissez avec une page affect\u00e9e par vos pr\u00e9f\u00e9rences. <\/li>\n<\/ul>\n<h3>Cookies tiers<\/h3>\n<p>Dans certains cas particuliers, nous utilisons \u00e9galement des cookies fournis par des tiers de confiance. La section suivante d\u00e9taille les cookies tiers que vous pouvez rencontrer via ce site. <\/p>\n<ul>\n<li>Ce site utilise Google Analytics, qui est l&rsquo;une des solutions d&rsquo;analyse les plus r\u00e9pandues et fiables du Web, pour nous aider \u00e0 comprendre comment vous utilisez le site et comment nous pouvons am\u00e9liorer votre exp\u00e9rience. Ces cookies peuvent suivre des \u00e9l\u00e9ments tels que le temps que vous passez sur le site et les pages visit\u00e9es, afin que nous puissions continuer \u00e0 produire du contenu attrayant. <\/li>\n<\/ul>\n<p>Pour plus d&rsquo;informations sur les cookies de Google Analytics, consultez la page officielle de Google Analytics.<\/p>\n<ul>\n<li>Les analyses tierces sont utilis\u00e9es pour suivre et mesurer l&rsquo;utilisation de ce site, afin que nous puissions continuer \u00e0 produire du contenu attrayant. Ces cookies peuvent suivre des \u00e9l\u00e9ments tels que le temps que vous passez sur le site ou les pages visit\u00e9es, ce qui nous aide \u00e0 comprendre comment nous pouvons am\u00e9liorer le site pour vous. <\/li>\n<li>P\u00e9riodiquement, nous testons de nouvelles fonctionnalit\u00e9s et apportons des modifications subtiles \u00e0 la pr\u00e9sentation du site. Lorsque nous testons encore de nouvelles fonctionnalit\u00e9s, ces cookies peuvent \u00eatre utilis\u00e9s pour vous garantir une exp\u00e9rience coh\u00e9rente pendant que vous \u00eates sur le site, tout en comprenant quelles optimisations nos utilisateurs appr\u00e9cient le plus. <\/li>\n<li>Comme nous vendons des produits, il est important de comprendre les statistiques sur le nombre de visiteurs de notre site qui ach\u00e8tent r\u00e9ellement, et c&rsquo;est donc le type de donn\u00e9es que ces cookies suivront. C&rsquo;est important pour vous, car cela signifie que nous pouvons faire des pr\u00e9visions commerciales pr\u00e9cises qui nous permettent d&rsquo;analyser nos co\u00fbts de publicit\u00e9 et de produits pour garantir le meilleur prix possible. <\/li>\n<li>Le service Google AdSense que nous utilisons pour diffuser des publicit\u00e9s utilise un cookie DoubleClick pour diffuser des annonces plus pertinentes sur le Web et limiter le nombre de fois qu&rsquo;une annonce donn\u00e9e vous est pr\u00e9sent\u00e9e.<br \/>\nPour plus d&rsquo;informations sur Google AdSense, consultez les FAQ officielles sur la confidentialit\u00e9 de Google AdSense.<\/li>\n<li>Nous utilisons des publicit\u00e9s pour compenser les co\u00fbts de fonctionnement de ce site et financer les d\u00e9veloppements futurs. Les cookies de publicit\u00e9 comportementale utilis\u00e9s par ce site sont con\u00e7us pour vous garantir les annonces les plus pertinentes possible, en suivant anonymement vos int\u00e9r\u00eats et en vous pr\u00e9sentant des \u00e9l\u00e9ments similaires susceptibles de vous int\u00e9resser. <\/li>\n<li>Plusieurs partenaires font de la publicit\u00e9 en notre nom et les cookies de suivi d&rsquo;affiliation nous permettent simplement de voir si nos clients ont acc\u00e9d\u00e9 au site via l&rsquo;un des sites de nos partenaires, afin que nous puissions les cr\u00e9diter correctement et, le cas \u00e9ch\u00e9ant, permettre \u00e0 nos partenaires affili\u00e9s d&rsquo;offrir toute promotion qu&rsquo;ils peuvent vous fournir pour effectuer un achat.<\/li>\n<\/ul>\n<h3>Engagement de l&rsquo;utilisateur<\/h3>\n<p>L&rsquo;utilisateur s&rsquo;engage \u00e0 faire un usage appropri\u00e9 des contenus et des informations que Super Receitas propose sur le site et \u00e0 titre indicatif, mais non limitatif :<\/p>\n<ul>\n<li>A) Ne pas s&rsquo;engager dans des activit\u00e9s ill\u00e9gales ou contraires \u00e0 la bonne foi et \u00e0 l&rsquo;ordre public ;<\/li>\n<li>B) Ne pas diffuser de propagande ou de contenu \u00e0 caract\u00e8re raciste, x\u00e9nophobe, <a style=\"color: inherit !important; text-decoration: none !important;\" href=\"https:\/\/ondeapostar.pt\/onde-da-a-bola\/\">Onde Bola<\/a> ou de malchance, tout type de pornographie ill\u00e9gale, d&rsquo;apologie du terrorisme ou contre les droits de l&rsquo;homme ;<\/li>\n<li>C) Ne pas causer de dommages aux syst\u00e8mes physiques (mat\u00e9riels) et logiques (logiciels) de Super Receitas, de ses fournisseurs ou de tiers, pour introduire ou diss\u00e9miner des virus informatiques ou tout autre syst\u00e8me mat\u00e9riel ou logiciel capable de causer les dommages pr\u00e9c\u00e9demment mentionn\u00e9s.<\/li>\n<\/ul>\n<h3>Plus d&rsquo;informations<\/h3>\n<p>Nous esp\u00e9rons que cela est clair et, comme mentionn\u00e9 pr\u00e9c\u00e9demment, si vous n&rsquo;\u00eates pas s\u00fbr d&rsquo;avoir besoin de quelque chose ou non, il est g\u00e9n\u00e9ralement plus s\u00fbr de laisser les cookies activ\u00e9s, au cas o\u00f9 vous interagiriez avec l&rsquo;une des fonctionnalit\u00e9s que vous utilisez sur notre site.<\/p>\n<p>Cette politique est effective \u00e0 partir de <strong>mars<\/strong>\/<strong>2022<\/strong>.<\/p>\n","protected":false},"excerpt":{"rendered":"<p>Politique de confidentialit\u00e9 Votre vie priv\u00e9e est importante pour nous. La politique de Super Receitas est de respecter votre vie priv\u00e9e concernant toute information que nous pourrions collecter sur le site Super Receitas, et sur les autres sites que nous poss\u00e9dons et exploitons. Nous ne demandons des informations personnelles que lorsque nous en avons r\u00e9ellement [&hellip;]<\/p>\n","protected":false},"author":1,"featured_media":0,"parent":0,"menu_order":0,"comment_status":"closed","ping_status":"closed","template":"","meta":{"wprm-recipe-roundup-name":"","wprm-recipe-roundup-description":"","tdm_status":"","tdm_grid_status":"","footnotes":""},"class_list":["post-12264","page","type-page","status-publish","hentry"],"_links":{"self":[{"href":"https:\/\/superreceitas.com\/fr\/wp-json\/wp\/v2\/pages\/12264","targetHints":{"allow":["GET"]}}],"collection":[{"href":"https:\/\/superreceitas.com\/fr\/wp-json\/wp\/v2\/pages"}],"about":[{"href":"https:\/\/superreceitas.com\/fr\/wp-json\/wp\/v2\/types\/page"}],"author":[{"embeddable":true,"href":"https:\/\/superreceitas.com\/fr\/wp-json\/wp\/v2\/users\/1"}],"replies":[{"embeddable":true,"href":"https:\/\/superreceitas.com\/fr\/wp-json\/wp\/v2\/comments?post=12264"}],"version-history":[{"count":0,"href":"https:\/\/superreceitas.com\/fr\/wp-json\/wp\/v2\/pages\/12264\/revisions"}],"wp:attachment":[{"href":"https:\/\/superreceitas.com\/fr\/wp-json\/wp\/v2\/media?parent=12264"}],"curies":[{"name":"wp","href":"https:\/\/api.w.org\/{rel}","templated":true}]}}