{"id":12273,"date":"2022-03-01T08:46:31","date_gmt":"2022-03-01T12:46:31","guid":{"rendered":"https:\/\/superreceitas.com\/conditions-dutilisation\/"},"modified":"2025-11-28T09:42:11","modified_gmt":"2025-11-28T13:42:11","slug":"conditions-dutilisation","status":"publish","type":"page","link":"https:\/\/superreceitas.com\/fr\/conditions-dutilisation\/","title":{"rendered":"Conditions d&rsquo;utilisation"},"content":{"rendered":"\n<h2 class=\"wp-block-heading\">Termes et conditions<\/h2>\n\n<p>Bienvenue sur SuperReceitas !<\/p>\n\n<p>Ces termes et conditions d\u00e9crivent les r\u00e8gles et r\u00e8glements pour l&rsquo;utilisation du site web de LS MOTA NEGOCIOS DIGITAIS LTDA, situ\u00e9 \u00e0 superreceitas.com.<\/p>\n\n<p>En acc\u00e9dant \u00e0 ce site, nous supposons que tu acceptes ces termes et conditions. Ne continue pas \u00e0 utiliser SuperReceitas si tu n&rsquo;acceptes pas tous les termes et conditions \u00e9nonc\u00e9s sur cette page. <\/p>\n\n<h2 class=\"wp-block-heading\">Cookies<\/h2>\n\n<p>Le site utilise des cookies pour aider \u00e0 personnaliser ton exp\u00e9rience en ligne. En acc\u00e9dant \u00e0 SuperReceitas, tu acceptes d&rsquo;utiliser les cookies n\u00e9cessaires. <\/p>\n\n<p>Un cookie est un fichier texte plac\u00e9 sur ton disque dur par un serveur de pages web. Les cookies ne peuvent pas \u00eatre utilis\u00e9s pour ex\u00e9cuter des programmes ou transmettre des virus \u00e0 ton ordinateur. Les cookies te sont attribu\u00e9s de mani\u00e8re unique et ne peuvent \u00eatre lus que par un serveur web du domaine qui t&rsquo;a \u00e9mis le cookie.  <\/p>\n\n<p>Nous pouvons utiliser des cookies pour collecter, stocker et suivre des informations \u00e0 des fins statistiques ou marketing pour exploiter notre site web. Tu as la possibilit\u00e9 d&rsquo;accepter ou de refuser les Cookies optionnels. Il existe certains Cookies obligatoires qui sont n\u00e9cessaires au fonctionnement de notre site. Ces cookies ne n\u00e9cessitent pas ton consentement car ils fonctionnent toujours. N&rsquo;oublie pas qu&rsquo;en acceptant les Cookies obligatoires, tu acceptes \u00e9galement les Cookies tiers, qui pourraient \u00eatre utilis\u00e9s via des services fournis par des tiers si tu utilises ces services sur notre site, par exemple, une fen\u00eatre d&rsquo;affichage vid\u00e9o fournie par des tiers et int\u00e9gr\u00e9e \u00e0 notre site.    <\/p>\n\n<h2 class=\"wp-block-heading\">Licence<\/h2>\n\n<p>Sauf indication contraire, LS MOTA NEGOCIOS DIGITAIS LTDA et\/ou ses conc\u00e9dants d\u00e9tiennent les droits de propri\u00e9t\u00e9 intellectuelle pour tout le mat\u00e9riel sur SuperReceitas. Tous les droits de propri\u00e9t\u00e9 intellectuelle sont r\u00e9serv\u00e9s. Tu peux y acc\u00e9der sur SuperReceitas pour ton usage personnel, sous r\u00e9serve des restrictions \u00e9tablies dans ces termes et conditions.  <\/p>\n\n<p>Tu ne dois pas :<\/p>\n\n<ul class=\"wp-block-list\"><li>Copier ou republier du mat\u00e9riel de SuperReceitas<\/li><li>Vendre, louer ou sous-licencier du mat\u00e9riel de SuperReceitas<\/li><li>Reproduire, dupliquer ou copier du mat\u00e9riel de SuperReceitas<\/li><li>Redistribuer du contenu de SuperReceitas<\/li><\/ul>\n\n<p>Cet accord prendra effet \u00e0 la date pr\u00e9sente.<\/p>\n\n<p>Certaines parties de ce site offrent aux utilisateurs la possibilit\u00e9 de publier et d&rsquo;\u00e9changer des opinions et des informations dans certaines zones du site. LS MOTA NEGOCIOS DIGITAIS LTDA ne filtre pas, n&rsquo;\u00e9dite pas, ne publie pas ou ne r\u00e9vise pas les Commentaires avant leur pr\u00e9sence sur le site. Les commentaires ne refl\u00e8tent pas les points de vue et opinions de LS MOTA NEGOCIOS DIGITAIS LTDA, ses agents et\/ou affili\u00e9s. Les commentaires refl\u00e8tent les points de vue et opinions de la personne qui publie ses points de vue et opinions. Dans la mesure permise par les lois applicables, LS MOTA NEGOCIOS DIGITAIS LTDA ne sera pas responsable des Commentaires ou de toute responsabilit\u00e9, dommages ou d\u00e9penses caus\u00e9s et\/ou subis \u00e0 la suite de toute utilisation et\/ou publication et\/ou apparition des Commentaires sur ce site.    <\/p>\n\n<p>LS MOTA NEGOCIOS DIGITAIS LTDA se r\u00e9serve le droit de surveiller tous les Commentaires et de supprimer tout Commentaire qui pourrait \u00eatre consid\u00e9r\u00e9 comme inappropri\u00e9, offensant ou entra\u00eenant une violation de ces Termes et Conditions.<\/p>\n\n<p>Tu garantis et d\u00e9clares que :<\/p>\n\n<ul class=\"wp-block-list\"><li>Tu as le droit de publier les Commentaires sur notre site et disposez de toutes les licences et consentements n\u00e9cessaires pour le faire ;<\/li><li>Les Commentaires n&rsquo;envahissent aucun droit de propri\u00e9t\u00e9 intellectuelle, y compris, sans limitation, les droits d&rsquo;auteur, brevets ou marques de commerce de tiers ;<\/li><li>Les Commentaires ne contiennent aucun mat\u00e9riel diffamatoire, calomnieux, offensant, ind\u00e9cent ou autrement ill\u00e9gal, ce qui constitue une atteinte \u00e0 la vie priv\u00e9e.<\/li><li>Les Commentaires ne seront pas utilis\u00e9s pour solliciter ou promouvoir des affaires ou des coutumes ou pr\u00e9senter des activit\u00e9s commerciales ou des activit\u00e9s ill\u00e9gales.<\/li><\/ul>\n\n<p>Tu accordes \u00e0 LS MOTA NEGOCIOS DIGITAIS LTDA une licence non exclusive pour utiliser, reproduire, \u00e9diter et autoriser d&rsquo;autres \u00e0 utiliser, reproduire et \u00e9diter n&rsquo;importe lequel de tes Commentaires sous toutes formes, formats ou m\u00e9dias.<\/p>\n\n<p>Hyperliens vers notre contenu :<\/p>\n\n<p>Les organisations suivantes peuvent cr\u00e9er des liens vers notre site sans autorisation \u00e9crite pr\u00e9alable :<\/p>\n\n<ul class=\"wp-block-list\"><li>Les agences gouvernementales ;<\/li><li>Les moteurs de recherche ;<\/li><li>Les organisations de presse ;<\/li><li>Les distributeurs d&rsquo;annuaires en ligne peuvent cr\u00e9er des liens vers notre site de la m\u00eame mani\u00e8re qu&rsquo;ils cr\u00e9ent des hyperliens vers les sites web d&rsquo;autres entreprises r\u00e9pertori\u00e9es ; et<\/li><\/ul>\n\n<p>Les entreprises accr\u00e9dit\u00e9es \u00e0 l&rsquo;\u00e9chelle du syst\u00e8me, \u00e0 l&rsquo;exception des organisations \u00e0 but non lucratif, des centres commerciaux de bienfaisance et des groupes de collecte de fonds de bienfaisance qui ne peuvent pas cr\u00e9er d&rsquo;hyperliens vers notre site Web.<\/p>\n\n<p>Ces organisations peuvent cr\u00e9er des liens vers notre page d&rsquo;accueil, nos publications ou d&rsquo;autres informations du site tant que le lien : (a) n&rsquo;est en aucun cas trompeur ; (b) n&rsquo;implique pas faussement le parrainage, l&rsquo;approbation ou l&rsquo;aval de la partie liante et de ses produits et\/ou services ; et (c) s&rsquo;inscrit dans le contexte du site de la partie liante.   <\/p>\n\n<p>Nous pouvons examiner et approuver d&rsquo;autres demandes de lien provenant des types d&rsquo;organisations suivants :<\/p>\n\n<ul class=\"wp-block-list\"><li>les sources d&rsquo;informations sur les consommateurs et\/ou les entreprises commun\u00e9ment connues ;<\/li><li>les sites de la communaut\u00e9 point.com ;<\/li><li>les associations ou autres groupes repr\u00e9sentant des organismes de bienfaisance ;<\/li><li>les distributeurs d&rsquo;annuaires en ligne ;<\/li><li>les portails internet ;<\/li><li>les cabinets de comptabilit\u00e9, d&rsquo;avocats et de conseil ; et<\/li><li>les \u00e9tablissements d&rsquo;enseignement et les associations professionnelles.<\/li><\/ul>\n\n<p>Nous approuverons les demandes de lien de ces organisations si nous d\u00e9cidons que : (a) le lien ne nous ferait pas para\u00eetre d\u00e9favorablement \u00e0 nous-m\u00eames ou \u00e0 nos entreprises accr\u00e9dit\u00e9es ; (b) l&rsquo;organisation n&rsquo;a pas de dossiers n\u00e9gatifs avec nous ; (c) l&rsquo;avantage pour nous de la visibilit\u00e9 de l&rsquo;hyperlien compense l&rsquo;absence de LS MOTA NEGOCIOS DIGITAIS LTDA ; et (d) le lien est dans le contexte d&rsquo;informations g\u00e9n\u00e9rales sur les ressources.<\/p>\n\n<p>Ces organisations peuvent cr\u00e9er des liens vers notre page d&rsquo;accueil tant que le lien : (a) n&rsquo;est en aucun cas trompeur ; (b) n&rsquo;implique pas faussement le parrainage, l&rsquo;approbation ou l&rsquo;aval de la partie liante et de ses produits ou services ; et (c) s&rsquo;inscrit dans le contexte du site de la partie liante.<\/p>\n\n<p>Si tu fais partie de l&rsquo;une des organisations \u00e9num\u00e9r\u00e9es au paragraphe 2 ci-dessus et que tu es int\u00e9ress\u00e9 par un lien vers notre site web, tu dois nous en informer en envoyant un e-mail \u00e0 LS MOTA NEGOCIOS DIGITAIS LTDA. Inclus ton nom, le nom de ton organisation, tes coordonn\u00e9es ainsi que l&rsquo;URL de ton site, une liste de toutes les URL \u00e0 partir desquelles tu as l&rsquo;intention de cr\u00e9er un lien vers notre site, et une liste des URL de notre site vers lesquelles tu souhaites cr\u00e9er un lien. Attends 2-3 semaines pour une r\u00e9ponse.<\/p>\n\n<p>Les organisations approuv\u00e9es peuvent cr\u00e9er des liens vers notre site web comme suit :<\/p>\n\n<p>Par l&rsquo;utilisation de notre d\u00e9nomination sociale ; ou<\/p>\n\n<p>Par l&rsquo;utilisation de l&rsquo;localisateur de ressources uniforme auquel il est li\u00e9 ; ou<\/p>\n\n<p>Par l&rsquo;utilisation de toute autre description de notre site web li\u00e9 qui a du sens dans le contexte et le format du contenu sur le site de la partie liante.<\/p>\n\n<p>Aucune utilisation du logo de LS MOTA NEGOCIOS DIGITAIS LTDA ou d&rsquo;autres illustrations ne sera autoris\u00e9e pour la cr\u00e9ation de liens sans un accord de licence de marque.<\/p>\n\n<h2 class=\"wp-block-heading\">Responsabilit\u00e9 du contenu :<\/h2>\n\n<p>Nous ne serons pas tenus responsables de tout contenu qui appara\u00eet sur ton site web. Tu acceptes de nous prot\u00e9ger et de nous d\u00e9fendre contre toutes les r\u00e9clamations qui s&rsquo;\u00e9l\u00e8vent sur ton site web. Aucun lien(s) ne doit appara\u00eetre sur un site web qui pourrait \u00eatre interpr\u00e9t\u00e9 comme diffamatoire, obsc\u00e8ne ou criminel, ou qui enfreint, viole de toute autre mani\u00e8re, ou pr\u00e9conise l&rsquo;infraction ou autre violation des droits de tiers.<\/p>\n\n<h2 class=\"wp-block-heading\">R\u00e9serve de droits :<\/h2>\n\n<p>Nous nous r\u00e9servons le droit de te demander de supprimer tous les liens ou tout lien particulier vers notre site web. Tu acceptes de retirer imm\u00e9diatement tous les liens vers notre site sur demande. Nous nous r\u00e9servons \u00e9galement le droit de modifier ces termes et conditions et sa politique de liaison \u00e0 tout moment. En continuant \u00e0 cr\u00e9er des liens vers notre site web, tu acceptes d&rsquo;\u00eatre li\u00e9 \u00e0 ces termes et conditions de liaison et de les suivre.<\/p>\n\n<h2 class=\"wp-block-heading\">Suppression des liens de notre site web :<\/h2>\n\n<p>Si tu trouves un lien sur notre site web qui est offensant pour une raison quelconque, tu es libre de nous contacter et de nous en informer \u00e0 tout moment. Nous examinerons les demandes de suppression de liens, mais nous ne sommes pas oblig\u00e9s de te r\u00e9pondre directement.<\/p>\n\n<p>Nous ne garantissons pas que les informations sur ce site web sont correctes. Nous ne garantissons pas leur exhaustivit\u00e9 ou leur exactitude, ni ne promettons de garantir que le site web reste disponible ou que le mat\u00e9riel sur le site web est tenu \u00e0 jour.<\/p>\n\n<h2 class=\"wp-block-heading\">Avis de non-responsabilit\u00e9 :<\/h2>\n\n<p>Dans la mesure maximale autoris\u00e9e par la loi applicable, nous excluons toutes les repr\u00e9sentations, garanties et conditions relatives \u00e0 notre site web et \u00e0 l&rsquo;utilisation de ce site web. Rien dans cet avis de non-responsabilit\u00e9 ne va :<\/p>\n\n<ul class=\"wp-block-list\"><li>limiter ou exclure notre ou ta responsabilit\u00e9 en cas de d\u00e9c\u00e8s ou de blessures personnelles ;<\/li><li>limiter ou exclure notre ou ta responsabilit\u00e9 en cas de fraude ou de fausse d\u00e9claration frauduleuse ;<\/li><li>limiter l&rsquo;une de nos ou tes responsabilit\u00e9s d&rsquo;une mani\u00e8re qui n&rsquo;est pas autoris\u00e9e par la loi applicable ; ou<\/li><li>exclure l&rsquo;une de nos ou tes responsabilit\u00e9s qui ne peuvent \u00eatre exclues en vertu de la loi applicable.<\/li><\/ul>\n\n<p>Les limitations et interdictions de responsabilit\u00e9 \u00e9nonc\u00e9es dans cette section et ailleurs dans cet avis de non-responsabilit\u00e9 : (a) sont soumises au paragraphe pr\u00e9c\u00e9dent ; et (b) r\u00e9gissent toutes les responsabilit\u00e9s d\u00e9coulant de l&rsquo;avis de non-responsabilit\u00e9, y compris les responsabilit\u00e9s contractuelles, d\u00e9lictuelles et pour violation d&rsquo;obligation l\u00e9gale.<\/p>\n\n<p>Tant que le site web et les informations et services sur le site web sont fournis gratuitement, nous ne serons pas responsables de toute perte ou dommage de quelque nature que ce soit.<\/p>\n","protected":false},"excerpt":{"rendered":"<p>Termes et conditions Bienvenue sur SuperReceitas ! Ces termes et conditions d\u00e9crivent les r\u00e8gles et r\u00e8glements pour l&rsquo;utilisation du site web de LS MOTA NEGOCIOS DIGITAIS LTDA, situ\u00e9 \u00e0 superreceitas.com. En acc\u00e9dant \u00e0 ce site, nous supposons que tu acceptes ces termes et conditions. Ne continue pas \u00e0 utiliser SuperReceitas si tu n&rsquo;acceptes pas tous [&hellip;]<\/p>\n","protected":false},"author":1,"featured_media":0,"parent":0,"menu_order":0,"comment_status":"closed","ping_status":"closed","template":"","meta":{"wprm-recipe-roundup-name":"","wprm-recipe-roundup-description":"","tdm_status":"","tdm_grid_status":"","footnotes":""},"class_list":["post-12273","page","type-page","status-publish","hentry"],"_links":{"self":[{"href":"https:\/\/superreceitas.com\/fr\/wp-json\/wp\/v2\/pages\/12273","targetHints":{"allow":["GET"]}}],"collection":[{"href":"https:\/\/superreceitas.com\/fr\/wp-json\/wp\/v2\/pages"}],"about":[{"href":"https:\/\/superreceitas.com\/fr\/wp-json\/wp\/v2\/types\/page"}],"author":[{"embeddable":true,"href":"https:\/\/superreceitas.com\/fr\/wp-json\/wp\/v2\/users\/1"}],"replies":[{"embeddable":true,"href":"https:\/\/superreceitas.com\/fr\/wp-json\/wp\/v2\/comments?post=12273"}],"version-history":[{"count":1,"href":"https:\/\/superreceitas.com\/fr\/wp-json\/wp\/v2\/pages\/12273\/revisions"}],"predecessor-version":[{"id":12274,"href":"https:\/\/superreceitas.com\/fr\/wp-json\/wp\/v2\/pages\/12273\/revisions\/12274"}],"wp:attachment":[{"href":"https:\/\/superreceitas.com\/fr\/wp-json\/wp\/v2\/media?parent=12273"}],"curies":[{"name":"wp","href":"https:\/\/api.w.org\/{rel}","templated":true}]}}