{"id":10971,"date":"2022-03-01T08:46:31","date_gmt":"2022-03-01T12:46:31","guid":{"rendered":"https:\/\/superreceitas.com\/termini-di-utilizzo\/"},"modified":"2025-11-28T08:32:59","modified_gmt":"2025-11-28T12:32:59","slug":"termini-di-utilizzo","status":"publish","type":"page","link":"https:\/\/superreceitas.com\/it\/termini-di-utilizzo\/","title":{"rendered":"Termini di Utilizzo"},"content":{"rendered":"\n<h2 class=\"wp-block-heading\">Termini e Condizioni<\/h2>\n\n<p>Benvenuti su SuperReceitas!<\/p>\n\n<p>Questi termini e condizioni descrivono le regole e i regolamenti per l&#8217;uso del sito web di LS MOTA NEGOCIOS DIGITAIS LTDA, situato su superreceitas.com.<\/p>\n\n<p>Accedendo a questo sito, assumiamo che tu accetti questi termini e condizioni. Non continuare a utilizzare SuperReceitas se non sei d&#8217;accordo ad accettare tutti i termini e le condizioni indicati in questa pagina. <\/p>\n\n<h2 class=\"wp-block-heading\">Cookie<\/h2>\n\n<p>Il sito utilizza i cookie per aiutare a personalizzare la tua esperienza online. Accedendo a SuperReceitas, accetti di utilizzare i cookie necessari. <\/p>\n\n<p>Un cookie \u00e8 un file di testo che viene inserito sul tuo disco rigido da un server web. I cookie non possono essere utilizzati per eseguire programmi o inviare virus al tuo computer. I cookie sono assegnati esclusivamente a te e possono essere letti solo da un server web nel dominio che ha emesso il cookie.  <\/p>\n\n<p>Possiamo utilizzare i cookie per raccogliere, memorizzare e tracciare informazioni per scopi statistici o di marketing per gestire il nostro sito web. Hai la possibilit\u00e0 di accettare o rifiutare i Cookie opzionali. Ci sono alcuni Cookie obbligatori che sono necessari per il funzionamento del nostro sito. Questi cookie non richiedono il tuo consenso poich\u00e9 funzionano sempre. Ricorda che accettando i cookie necessari, accetti anche i cookie di terze parti, che potrebbero essere utilizzati attraverso servizi forniti da terzi se utilizzi tali servizi sul nostro sito, ad esempio una finestra di visualizzazione video fornita da terzi e integrata nel nostro sito.    <\/p>\n\n<h2 class=\"wp-block-heading\">Licenza<\/h2>\n\n<p>Salvo diversa indicazione, LS MOTA NEGOCIOS DIGITAIS LTDA e\/o i suoi licenziatari detengono i diritti di propriet\u00e0 intellettuale per tutto il materiale su SuperReceitas. Tutti i diritti di propriet\u00e0 intellettuale sono riservati. Puoi accedervi su SuperReceitas per uso personale, soggetto alle restrizioni stabilite in questi termini e condizioni.  <\/p>\n\n<p>Non devi:<\/p>\n\n<ul class=\"wp-block-list\"><li>Copiare o ripubblicare materiale da SuperReceitas<\/li><li>Vendere, noleggiare o concedere in sublicenza materiale da SuperReceitas<\/li><li>Riprodurre, duplicare o copiare materiale da SuperReceitas<\/li><li>Ridistribuire contenuti da SuperReceitas<\/li><\/ul>\n\n<p>Questo Contratto avr\u00e0 inizio alla data odierna.<\/p>\n\n<p>Parti di questo sito offrono agli utenti l&#8217;opportunit\u00e0 di pubblicare e scambiare opinioni e informazioni in determinate aree del sito. LS MOTA NEGOCIOS DIGITAIS LTDA non filtra, modifica, pubblica o rivede i Commenti prima della loro presenza sul sito. I commenti non riflettono i punti di vista e le opinioni di LS MOTA NEGOCIOS DIGITAIS LTDA, dei suoi agenti e\/o affiliati. I commenti riflettono i punti di vista e le opinioni della persona che pubblica i propri punti di vista e opinioni. Nella misura consentita dalle leggi applicabili, LS MOTA NEGOCIOS DIGITAIS LTDA non sar\u00e0 responsabile per i Commenti o per qualsiasi responsabilit\u00e0, danno o spesa causati e\/o subiti a seguito di qualsiasi uso e\/o pubblicazione e\/o apparizione dei Commenti su questo sito.    <\/p>\n\n<p>LS MOTA NEGOCIOS DIGITAIS LTDA si riserva il diritto di monitorare tutti i Commenti e di rimuovere qualsiasi Commento che possa essere considerato inappropriato, offensivo o che causi violazione di questi Termini e Condizioni.<\/p>\n\n<p>Garantisci e dichiari che:<\/p>\n\n<ul class=\"wp-block-list\"><li>Hai il diritto di pubblicare i Commenti sul nostro sito e hai tutte le licenze e i consensi necessari per farlo;<\/li><li>I Commenti non violano alcun diritto di propriet\u00e0 intellettuale, inclusi, senza limitazione, copyright, brevetti o marchi registrati di terze parti;<\/li><li>I Commenti non contengono materiale diffamatorio, calunnioso, offensivo, indecente o altrimenti illegale, che costituisce una violazione della privacy;<\/li><li>I Commenti non saranno utilizzati per sollecitare o promuovere affari o consuetudini o presentare attivit\u00e0 commerciali o attivit\u00e0 illegali.<\/li><\/ul>\n\n<p>Concedi a LS MOTA NEGOCIOS DIGITAIS LTDA una licenza non esclusiva per utilizzare, riprodurre, modificare e autorizzare altri a utilizzare, riprodurre e modificare qualsiasi tuo Commento in qualsiasi forma, formato o media.<\/p>\n\n<p>Collegamenti ipertestuali ai nostri contenuti:<\/p>\n\n<p>Le seguenti organizzazioni possono collegarsi al nostro sito web senza previa approvazione scritta:<\/p>\n\n<ul class=\"wp-block-list\"><li>Agenzie governative;<\/li><li>Motori di ricerca;<\/li><li>Organizzazioni di notizie;<\/li><li>I distributori di directory online possono collegarsi al nostro sito web nello stesso modo in cui si collegano ai siti web di altre aziende elencate; e<\/li><\/ul>\n\n<p>Aziende accreditate a livello di sistema, ad eccezione di organizzazioni senza scopo di lucro, centri commerciali di beneficenza e gruppi di raccolta fondi per beneficenza che non possono collegarsi al nostro sito web.<\/p>\n\n<p>Queste organizzazioni possono creare collegamenti alla nostra homepage, pubblicazioni o altre informazioni del sito web purch\u00e9 il collegamento: (a) non sia in alcun modo ingannevole; (b) non implichi falsamente sponsorizzazione, approvazione o supporto della parte collegata e dei suoi prodotti e\/o servizi; e (c) si adatti al contesto del sito della parte collegata.   <\/p>\n\n<p>Possiamo prendere in considerazione e approvare altre richieste di collegamento dai seguenti tipi di organizzazioni:<\/p>\n\n<ul class=\"wp-block-list\"><li>fonti di informazioni per consumatori e\/o aziende comunemente note;<\/li><li>siti della comunit\u00e0 punto.com;<\/li><li>associazioni o altri gruppi che rappresentano enti di beneficenza;<\/li><li>distributori di directory online;<\/li><li>portali internet;<\/li><li>studi di contabilit\u00e0, legali e di consulenza; e<\/li><li>istituti di istruzione e associazioni di categoria.<\/li><\/ul>\n\n<p>Approveremo le richieste di collegamento da queste organizzazioni se decideremo che: (a) il collegamento non ci farebbe apparire sfavorevolmente a noi stessi o alle nostre attivit\u00e0 accreditate; (b) l&#8217;organizzazione non ha registrazioni negative con noi; (c) il beneficio per noi dalla visibilit\u00e0 del collegamento ipertestuale compensa l&#8217;assenza di LS MOTA NEGOCIOS DIGITAIS LTDA; e (d) il collegamento \u00e8 nel contesto di informazioni generali sulle risorse.    <\/p>\n\n<p>Queste organizzazioni possono creare collegamenti alla nostra homepage purch\u00e9 il collegamento: (a) non sia in alcun modo ingannevole; (b) non implichi falsamente sponsorizzazione, approvazione o supporto della parte collegata e dei suoi prodotti o servizi; e (c) si adatti al contesto del sito della parte collegata.   <\/p>\n\n<p>Se sei una delle organizzazioni elencate nel paragrafo 2 sopra e sei interessato a collegarti al nostro sito web, devi informarci inviando un&#8217;e-mail a LS MOTA NEGOCIOS DIGITAIS LTDA. Includi il tuo nome, il nome della tua organizzazione, le informazioni di contatto e l&#8217;URL del tuo sito, un elenco di tutti gli URL da cui intendi collegarti al nostro sito e un elenco degli URL del nostro sito a cui vorresti collegarti. Attendi 2-3 settimane per una risposta.  <\/p>\n\n<p>Le organizzazioni approvate possono creare collegamenti al nostro sito web come segue:<\/p>\n\n<p>Utilizzando il nostro nome aziendale; o<\/p>\n\n<p>Utilizzando l&#8217;Uniform Resource Locator a cui \u00e8 collegato; o<\/p>\n\n<p>Utilizzando qualsiasi altra descrizione del nostro sito web collegato che abbia senso nel contesto e nel formato del contenuto sul sito della parte collegata.<\/p>\n\n<p>Non sar\u00e0 consentito l&#8217;uso del logo di LS MOTA NEGOCIOS DIGITAIS LTDA o di altre opere d&#8217;arte per il collegamento senza un accordo di licenza del marchio.<\/p>\n\n<h2 class=\"wp-block-heading\">Responsabilit\u00e0 dei contenuti:<\/h2>\n\n<p>Non siamo responsabili per alcun contenuto che appare sul tuo sito web. Accetti di proteggerci e difenderci da tutte le rivendicazioni sollevate sul tuo sito web. Nessun collegamento dovrebbe apparire su qualsiasi sito web che possa essere interpretato come diffamatorio, osceno o criminale, o che violi, altrimenti violi o sostenga la violazione o altra violazione di qualsiasi diritto di terzi.  <\/p>\n\n<h2 class=\"wp-block-heading\">Riserva di diritti:<\/h2>\n\n<p>Ci riserviamo il diritto di richiedere la rimozione di tutti i collegamenti o di qualsiasi collegamento specifico al nostro sito web. Approvi la rimozione immediata di tutti i collegamenti al nostro sito web su richiesta. Ci riserviamo inoltre il diritto di modificare questi termini e condizioni e la politica di collegamento in qualsiasi momento. Continuando a collegarti al nostro sito web, accetti di essere vincolato e di seguire questi termini e condizioni di collegamento.   <\/p>\n\n<h2 class=\"wp-block-heading\">Rimozione di collegamenti dal nostro sito web:<\/h2>\n\n<p>Se trovi un collegamento sul nostro sito web che sia offensivo per qualsiasi motivo, sei libero di contattarci e informarci in qualsiasi momento. Prenderemo in considerazione le richieste di rimozione dei collegamenti, ma non siamo obbligati a risponderti direttamente. <\/p>\n\n<p>Non garantiamo che le informazioni contenute in questo sito web siano corrette. Non garantiamo la loro completezza o accuratezza, n\u00e9 promettiamo di assicurare che il sito web rimanga disponibile o che il materiale sul sito web sia mantenuto aggiornato. <\/p>\n\n<h2 class=\"wp-block-heading\">Esclusione di responsabilit\u00e0:<\/h2>\n\n<p>Nella misura massima consentita dalla legge applicabile, escludiamo tutte le rappresentazioni, garanzie e condizioni relative al nostro sito web e all&#8217;uso di questo sito web. Nulla in questa esclusione di responsabilit\u00e0: <\/p>\n\n<ul class=\"wp-block-list\"><li>limiter\u00e0 o escluder\u00e0 la nostra o la tua responsabilit\u00e0 per morte o lesioni personali;<\/li><li>limiter\u00e0 o escluder\u00e0 la nostra o la tua responsabilit\u00e0 per frode o falsa dichiarazione fraudolenta;<\/li><li>limiter\u00e0 alcuna delle nostre o tue responsabilit\u00e0 in qualsiasi modo non consentito dalla legge applicabile; o<\/li><li>escluder\u00e0 alcuna delle nostre o tue responsabilit\u00e0 che non possono essere escluse ai sensi della legge applicabile.<\/li><\/ul>\n\n<p>Le limitazioni e i divieti di responsabilit\u00e0 stabiliti in questa Sezione e altrove in questa esclusione di responsabilit\u00e0: (a) sono soggetti al paragrafo precedente; e (b) regolano tutte le responsabilit\u00e0 derivanti dall&#8217;esclusione di responsabilit\u00e0, incluse le responsabilit\u00e0 derivanti da contratto, torto e violazione di obblighi legali.  <\/p>\n\n<p>Fintanto che il sito web e le informazioni e i servizi sul sito web sono forniti gratuitamente, non saremo responsabili per eventuali perdite o danni di qualsiasi natura.<\/p>\n","protected":false},"excerpt":{"rendered":"<p>Termini e Condizioni Benvenuti su SuperReceitas! Questi termini e condizioni descrivono le regole e i regolamenti per l&#8217;uso del sito web di LS MOTA NEGOCIOS DIGITAIS LTDA, situato su superreceitas.com. Accedendo a questo sito, assumiamo che tu accetti questi termini e condizioni. Non continuare a utilizzare SuperReceitas se non sei d&#8217;accordo ad accettare tutti i [&hellip;]<\/p>\n","protected":false},"author":1,"featured_media":0,"parent":0,"menu_order":0,"comment_status":"closed","ping_status":"closed","template":"","meta":{"wprm-recipe-roundup-name":"","wprm-recipe-roundup-description":"","tdm_status":"","tdm_grid_status":"","footnotes":""},"class_list":["post-10971","page","type-page","status-publish","hentry"],"_links":{"self":[{"href":"https:\/\/superreceitas.com\/it\/wp-json\/wp\/v2\/pages\/10971","targetHints":{"allow":["GET"]}}],"collection":[{"href":"https:\/\/superreceitas.com\/it\/wp-json\/wp\/v2\/pages"}],"about":[{"href":"https:\/\/superreceitas.com\/it\/wp-json\/wp\/v2\/types\/page"}],"author":[{"embeddable":true,"href":"https:\/\/superreceitas.com\/it\/wp-json\/wp\/v2\/users\/1"}],"replies":[{"embeddable":true,"href":"https:\/\/superreceitas.com\/it\/wp-json\/wp\/v2\/comments?post=10971"}],"version-history":[{"count":1,"href":"https:\/\/superreceitas.com\/it\/wp-json\/wp\/v2\/pages\/10971\/revisions"}],"predecessor-version":[{"id":10974,"href":"https:\/\/superreceitas.com\/it\/wp-json\/wp\/v2\/pages\/10971\/revisions\/10974"}],"wp:attachment":[{"href":"https:\/\/superreceitas.com\/it\/wp-json\/wp\/v2\/media?parent=10971"}],"curies":[{"name":"wp","href":"https:\/\/api.w.org\/{rel}","templated":true}]}}