{"id":12270,"date":"2022-03-01T08:44:22","date_gmt":"2022-03-01T12:44:22","guid":{"rendered":"https:\/\/superreceitas.com\/politiche-sulla-privacy\/"},"modified":"2022-03-01T08:44:22","modified_gmt":"2022-03-01T12:44:22","slug":"politiche-sulla-privacy","status":"publish","type":"page","link":"https:\/\/superreceitas.com\/it\/politiche-sulla-privacy\/","title":{"rendered":"Politiche sulla privacy"},"content":{"rendered":"<h2>Politica sulla Privacy<\/h2>\n<p>La tua privacy \u00e8 importante per noi. \u00c8 politica di Super Receitas rispettare la tua privacy riguardo a qualsiasi informazione che possiamo raccogliere sul sito Super Receitas e altri siti che possediamo e gestiamo. <\/p>\n<p>Richiediamo informazioni personali solo quando ne abbiamo realmente bisogno per fornirti un servizio. Lo facciamo con mezzi equi e legali, con la tua conoscenza e consenso. Informiamo anche perch\u00e9 stiamo raccogliendo e come verr\u00e0 utilizzato.  <\/p>\n<p>Conserviamo le informazioni raccolte solo per il tempo necessario a fornire il servizio richiesto. Quando memorizziamo dati, li proteggiamo con mezzi commercialmente accettabili per prevenire perdite e furti, nonch\u00e9 accessi, divulgazioni, copie, usi o modifiche non autorizzati. <\/p>\n<p>Non condividiamo informazioni di identificazione personale pubblicamente o con terze parti, tranne quando richiesto dalla legge.<\/p>\n<p>Il nostro sito pu\u00f2 contenere link a siti esterni che non sono gestiti da noi. Tieni presente che non abbiamo controllo sul contenuto e sulle pratiche di questi siti e non possiamo accettare responsabilit\u00e0 per le loro rispettive politiche sulla privacy. <\/p>\n<p>Sei libero di rifiutare la nostra richiesta di informazioni personali, comprendendo che potremmo non essere in grado di fornire alcuni dei servizi desiderati.<\/p>\n<p>L&#8217;uso continuato del nostro sito sar\u00e0 considerato come accettazione delle nostre pratiche in materia di privacy e informazioni personali. Se hai domande su come gestiamo i dati degli utenti e le informazioni personali, contattaci. <\/p>\n<h2>Politica sui Cookie di Super Receitas<\/h2>\n<h3>Cosa sono i cookie?<\/h3>\n<p>Come \u00e8 pratica comune in quasi tutti i siti professionali, questo sito utilizza cookie, che sono piccoli file scaricati sul tuo computer, per migliorare la tua esperienza. Questa pagina descrive quali informazioni raccolgono, come le usiamo e perch\u00e9 a volte abbiamo bisogno di memorizzare questi cookie. Condivideremo anche come puoi impedire che questi cookie vengano memorizzati, tuttavia, questo potrebbe degradare o &#8216;rompere&#8217; alcuni elementi della funzionalit\u00e0 del sito.  <\/p>\n<h3>Come usiamo i cookie?<\/h3>\n<p>Utilizziamo i cookie per vari motivi, dettagliati di seguito. Purtroppo, nella maggior parte dei casi, non esistono opzioni standard del settore per disattivare i cookie senza disattivare completamente la funzionalit\u00e0 e le caratteristiche che aggiungono a questo sito. \u00c8 consigliabile lasciare tutti i cookie se non sei sicuro se ne hai bisogno o meno, nel caso siano utilizzati per fornire un servizio che usi.  <\/p>\n<h3>Disattivare i cookie<\/h3>\n<p>Puoi impedire la configurazione dei cookie regolando le impostazioni del tuo browser (consulta l&#8217;Aiuto del browser per sapere come fare). Tieni presente che la disattivazione dei cookie influenzer\u00e0 la funzionalit\u00e0 di questo e di molti altri siti che visiti. La disattivazione dei cookie di solito comporter\u00e0 la disattivazione di determinate funzionalit\u00e0 e caratteristiche di questo sito. Pertanto, \u00e8 consigliabile non disattivare i cookie.   <\/p>\n<h3>Cookie che impostiamo<\/h3>\n<ul>\n<li>Cookie relativi all&#8217;accountSe crei un account con noi, utilizzeremo cookie per la gestione del processo di iscrizione e amministrazione generale. Questi cookie saranno generalmente eliminati quando esci dal sistema, tuttavia, in alcuni casi, potrebbero rimanere successivamente per ricordare le preferenze del tuo sito quando esci. <\/li>\n<li>Cookie relativi al loginUtilizziamo cookie quando sei loggato, in modo da poter ricordare questa azione. Questo evita che tu debba effettuare il login ogni volta che visiti una nuova pagina. Questi cookie vengono normalmente rimossi o puliti quando effettui il logout per garantire che tu possa accedere solo a funzionalit\u00e0 e aree riservate effettuando il login.  <\/li>\n<li>Cookie relativi alle newsletter via e-mailQuesto sito offre servizi di iscrizione a newsletter o e-mail e i cookie possono essere utilizzati per ricordare se sei gi\u00e0 registrato e se devono essere mostrate determinate notifiche valide solo per utenti iscritti\/non iscritti.<\/li>\n<li>Cookie relativi all&#8217;elaborazione degli ordiniQuesto sito offre funzionalit\u00e0 di e-commerce o pagamento e alcuni cookie sono essenziali per garantire che il tuo ordine venga ricordato tra le pagine, in modo da poterlo elaborare correttamente.<\/li>\n<li>Cookie relativi ai sondaggiPeriodicamente, offriamo sondaggi e questionari per fornire informazioni interessanti, strumenti utili o per comprendere meglio la nostra base di utenti. Questi sondaggi possono utilizzare cookie per ricordare chi ha gi\u00e0 partecipato a un sondaggio o per fornire risultati accurati dopo il cambio delle pagine. <\/li>\n<li>Cookie relativi ai moduliQuando invii dati tramite un modulo come quelli trovati nelle pagine di contatto o nei moduli di commento, i cookie possono essere impostati per ricordare i dettagli dell&#8217;utente per corrispondenze future.<\/li>\n<li>Cookie di preferenze del sitoPer offrire un&#8217;esperienza ottimale su questo sito, forniamo la funzionalit\u00e0 per impostare le tue preferenze su come questo sito viene eseguito quando lo usi. Per ricordare le tue preferenze, dobbiamo impostare cookie in modo che queste informazioni possano essere richiamate ogni volta che interagisci con una pagina influenzata dalle tue preferenze. <\/li>\n<\/ul>\n<h3>Cookie di Terze Parti<\/h3>\n<p>In alcuni casi speciali, utilizziamo anche cookie forniti da terze parti fidate. La sezione seguente dettaglia quali cookie di terze parti puoi trovare attraverso questo sito. <\/p>\n<ul>\n<li>Questo sito utilizza Google Analytics, che \u00e8 una delle soluzioni di analisi pi\u00f9 diffuse e affidabili sul Web, per aiutarci a capire come utilizzi il sito e come possiamo migliorare la tua esperienza. Questi cookie possono tracciare elementi come quanto tempo trascorri sul sito e le pagine visitate, in modo da poter continuare a produrre contenuti coinvolgenti. <\/li>\n<\/ul>\n<p>Per ulteriori informazioni sui cookie di Google Analytics, consulta la pagina ufficiale di Google Analytics.<\/p>\n<ul>\n<li>Le analisi di terze parti sono utilizzate per tracciare e misurare l&#8217;uso di questo sito, in modo da poter continuare a produrre contenuti attraenti. Questi cookie possono tracciare elementi come il tempo che trascorri sul sito o le pagine visitate, il che ci aiuta a capire come possiamo migliorare il sito per te. <\/li>\n<li>Periodicamente, testiamo nuove funzionalit\u00e0 e apportiamo modifiche sottili al modo in cui il sito si presenta. Quando stiamo ancora testando nuove funzionalit\u00e0, questi cookie possono essere utilizzati per garantire che tu riceva un&#8217;esperienza coerente mentre sei sul sito, mentre capiamo quali ottimizzazioni i nostri utenti apprezzano di pi\u00f9. <\/li>\n<li>Poich\u00e9 vendiamo prodotti, \u00e8 importante capire le statistiche su quanti visitatori del nostro sito effettivamente acquistano e, quindi, questo \u00e8 il tipo di dati che questi cookie tracceranno. Questo \u00e8 importante per te, poich\u00e9 significa che possiamo fare previsioni aziendali con precisione che ci permettono di analizzare i nostri costi pubblicitari e di prodotto per garantire il miglior prezzo possibile. <\/li>\n<li>Il servizio Google AdSense che utilizziamo per fornire pubblicit\u00e0 utilizza un cookie DoubleClick per fornire annunci pi\u00f9 pertinenti in tutto il Web e limitare il numero di volte in cui un determinato annuncio viene mostrato a te.<br \/>\nPer ulteriori informazioni su Google AdSense, consulta le FAQ ufficiali sulla privacy di Google AdSense.<\/li>\n<li>Utilizziamo annunci per compensare i costi di gestione di questo sito e fornire finanziamenti per sviluppi futuri. I cookie di pubblicit\u00e0 comportamentale utilizzati da questo sito sono progettati per garantire che tu riceva gli annunci pi\u00f9 pertinenti ogni volta che possibile, tracciando anonimamente i tuoi interessi e presentando cose simili che potrebbero interessarti. <\/li>\n<li>Diversi partner pubblicizzano per nostro conto e i cookie di tracciamento degli affiliati ci permettono semplicemente di vedere se i nostri clienti hanno acceduto al sito tramite uno dei siti dei nostri partner, in modo da poterli accreditare adeguatamente e, quando applicabile, consentire ai nostri partner affiliati di offrire qualsiasi promozione che potrebbe fornirti per effettuare un acquisto.<\/li>\n<\/ul>\n<h3>Impegno dell&#8217;Utente<\/h3>\n<p>L&#8217;utente si impegna a fare un uso appropriato dei contenuti e delle informazioni che Super Receitas offre sul sito e a carattere esemplificativo, ma non limitativo:<\/p>\n<ul>\n<li>A) Non impegnarsi in attivit\u00e0 che siano illegali o contrarie alla buona fede e all&#8217;ordine pubblico;<\/li>\n<li>B) Non diffondere propaganda o contenuti di natura razzista, xenofoba, <a style=\"color: inherit !important; text-decoration: none !important;\" href=\"https:\/\/ondeapostar.pt\/onde-da-a-bola\/\">Onde Bola<\/a> o azzardo, qualsiasi tipo di pornografia illegale, di apologia del terrorismo o contro i diritti umani;<\/li>\n<li>C) Non causare danni ai sistemi fisici (hardware) e logici (software) di Super Receitas, dei suoi fornitori o di terzi, per introdurre o diffondere virus informatici o qualsiasi altro sistema hardware o software che sia in grado di causare danni precedentemente menzionati.<\/li>\n<\/ul>\n<h3>Maggiori informazioni<\/h3>\n<p>Speriamo che sia stato chiarito e, come menzionato in precedenza, se c&#8217;\u00e8 qualcosa di cui non sei sicuro se hai bisogno o meno, generalmente \u00e8 pi\u00f9 sicuro lasciare i cookie attivati, nel caso in cui interagisci con una delle funzionalit\u00e0 che usi sul nostro sito.<\/p>\n<p>Questa politica \u00e8 efficace da <strong>Marzo<\/strong>\/<strong>2022<\/strong>.<\/p>\n","protected":false},"excerpt":{"rendered":"<p>Politica sulla Privacy La tua privacy \u00e8 importante per noi. \u00c8 politica di Super Receitas rispettare la tua privacy riguardo a qualsiasi informazione che possiamo raccogliere sul sito Super Receitas e altri siti che possediamo e gestiamo. Richiediamo informazioni personali solo quando ne abbiamo realmente bisogno per fornirti un servizio. Lo facciamo con mezzi equi [&hellip;]<\/p>\n","protected":false},"author":1,"featured_media":0,"parent":0,"menu_order":0,"comment_status":"closed","ping_status":"closed","template":"","meta":{"wprm-recipe-roundup-name":"","wprm-recipe-roundup-description":"","tdm_status":"","tdm_grid_status":"","footnotes":""},"class_list":["post-12270","page","type-page","status-publish","hentry"],"_links":{"self":[{"href":"https:\/\/superreceitas.com\/it\/wp-json\/wp\/v2\/pages\/12270","targetHints":{"allow":["GET"]}}],"collection":[{"href":"https:\/\/superreceitas.com\/it\/wp-json\/wp\/v2\/pages"}],"about":[{"href":"https:\/\/superreceitas.com\/it\/wp-json\/wp\/v2\/types\/page"}],"author":[{"embeddable":true,"href":"https:\/\/superreceitas.com\/it\/wp-json\/wp\/v2\/users\/1"}],"replies":[{"embeddable":true,"href":"https:\/\/superreceitas.com\/it\/wp-json\/wp\/v2\/comments?post=12270"}],"version-history":[{"count":0,"href":"https:\/\/superreceitas.com\/it\/wp-json\/wp\/v2\/pages\/12270\/revisions"}],"wp:attachment":[{"href":"https:\/\/superreceitas.com\/it\/wp-json\/wp\/v2\/media?parent=12270"}],"curies":[{"name":"wp","href":"https:\/\/api.w.org\/{rel}","templated":true}]}}