{"id":12267,"date":"2022-03-01T08:44:22","date_gmt":"2022-03-01T12:44:22","guid":{"rendered":"https:\/\/superreceitas.com\/gizlilik-politikalari\/"},"modified":"2022-03-01T08:44:22","modified_gmt":"2022-03-01T12:44:22","slug":"gizlilik-politikalari","status":"publish","type":"page","link":"https:\/\/superreceitas.com\/tr\/gizlilik-politikalari\/","title":{"rendered":"Gizlilik Politikalar\u0131"},"content":{"rendered":"<h2>Gizlilik Politikas\u0131<\/h2>\n<p>Gizlili\u011finiz bizim i\u00e7in \u00f6nemlidir. Super Receitas&#8217;n\u0131n politikas\u0131, Super Receitas web sitesinde ve sahip oldu\u011fumuz ve i\u015fletti\u011fimiz di\u011fer sitelerde toplayabilece\u011fimiz bilgilerinizle ilgili olarak gizlili\u011finize sayg\u0131 duymakt\u0131r. <\/p>\n<p>Ki\u015fisel bilgileri yaln\u0131zca size bir hizmet sunmak i\u00e7in ger\u00e7ekten ihtiya\u00e7 duydu\u011fumuzda talep ediyoruz. Bunu adil ve yasal yollarla, bilginiz ve onay\u0131n\u0131zla yap\u0131yoruz. Ayr\u0131ca neden toplad\u0131\u011f\u0131m\u0131z\u0131 ve nas\u0131l kullan\u0131laca\u011f\u0131n\u0131 da size bildiriyoruz.  <\/p>\n<p>Toplanan bilgileri yaln\u0131zca talep edilen hizmeti sa\u011flamak i\u00e7in gerekli oldu\u011fu kadar sakl\u0131yoruz. Verileri saklad\u0131\u011f\u0131m\u0131zda, kay\u0131p ve h\u0131rs\u0131zl\u0131\u011f\u0131n yan\u0131 s\u0131ra yetkisiz eri\u015fim, if\u015fa, kopyalama, kullan\u0131m veya de\u011fi\u015ftirmeyi \u00f6nlemek i\u00e7in ticari olarak kabul edilebilir y\u00f6ntemlerle koruyoruz. <\/p>\n<p>Ki\u015fisel olarak tan\u0131mlay\u0131c\u0131 bilgileri kamuya a\u00e7\u0131k olarak veya yasalarca zorunlu k\u0131l\u0131nmad\u0131k\u00e7a \u00fc\u00e7\u00fcnc\u00fc \u015fah\u0131slarla payla\u015fm\u0131yoruz.<\/p>\n<p>Web sitemiz, bizim taraf\u0131m\u0131zdan i\u015fletilmeyen harici web sitelerine ba\u011flant\u0131lar i\u00e7erebilir. Bu sitelerin i\u00e7eri\u011fi ve uygulamalar\u0131 \u00fczerinde hi\u00e7bir kontrol\u00fcm\u00fcz olmad\u0131\u011f\u0131n\u0131 ve ilgili gizlilik politikalar\u0131 i\u00e7in sorumluluk kabul edemeyece\u011fimizi l\u00fctfen unutmay\u0131n. <\/p>\n<p>Ki\u015fisel bilgi talebimizi reddetmekte \u00f6zg\u00fcrs\u00fcn\u00fcz, ancak baz\u0131 istedi\u011finiz hizmetleri sa\u011flayamayabilece\u011fimizi anlay\u0131\u015fla kar\u015f\u0131lay\u0131n.<\/p>\n<p>Web sitemizi kullanmaya devam etmeniz, gizlilik ve ki\u015fisel bilgilerle ilgili uygulamalar\u0131m\u0131z\u0131 kabul etti\u011finiz anlam\u0131na gelecektir. Kullan\u0131c\u0131 verilerini ve ki\u015fisel bilgileri nas\u0131l ele ald\u0131\u011f\u0131m\u0131zla ilgili herhangi bir sorunuz varsa, l\u00fctfen bizimle ileti\u015fime ge\u00e7in. <\/p>\n<h2>Super Receitas \u00c7erez Politikas\u0131<\/h2>\n<h3>\u00c7erezler nedir?<\/h3>\n<p>Neredeyse t\u00fcm profesyonel web sitelerinde oldu\u011fu gibi, bu site de deneyiminizi geli\u015ftirmek i\u00e7in bilgisayar\u0131n\u0131za indirilen k\u00fc\u00e7\u00fck dosyalar olan \u00e7erezleri kullan\u0131r. Bu sayfa, hangi bilgileri toplad\u0131klar\u0131n\u0131, bunlar\u0131 nas\u0131l kulland\u0131\u011f\u0131m\u0131z\u0131 ve neden bazen bu \u00e7erezleri saklamam\u0131z gerekti\u011fini a\u00e7\u0131klar. Ayr\u0131ca, bu \u00e7erezlerin depolanmas\u0131n\u0131 nas\u0131l engelleyebilece\u011finizi de payla\u015faca\u011f\u0131z, ancak bu, sitenin i\u015flevselli\u011finin belirli \u00f6\u011felerini d\u00fc\u015f\u00fcrebilir veya &#8216;bozabilir&#8217;.  <\/p>\n<h3>\u00c7erezleri nas\u0131l kullan\u0131yoruz?<\/h3>\n<p>\u00c7erezleri a\u015fa\u011f\u0131da ayr\u0131nt\u0131l\u0131 olarak a\u00e7\u0131klanan \u00e7e\u015fitli nedenlerle kullan\u0131yoruz. Ne yaz\u0131k ki, \u00e7o\u011fu durumda, bu siteye ekledikleri i\u015flevselli\u011fi ve \u00f6zellikleri tamamen devre d\u0131\u015f\u0131 b\u0131rakmadan \u00e7erezleri devre d\u0131\u015f\u0131 b\u0131rakmak i\u00e7in end\u00fcstri standard\u0131 se\u00e7enekleri yoktur. Bunlara ihtiyac\u0131n\u0131z olup olmad\u0131\u011f\u0131ndan emin de\u011filseniz, kulland\u0131\u011f\u0131n\u0131z bir hizmeti sa\u011flamak i\u00e7in kullan\u0131l\u0131yorsa t\u00fcm \u00e7erezleri a\u00e7\u0131k b\u0131rakman\u0131z \u00f6nerilir.  <\/p>\n<h3>\u00c7erezleri devre d\u0131\u015f\u0131 b\u0131rakma<\/h3>\n<p>Taray\u0131c\u0131n\u0131zdaki ayarlar\u0131 ayarlayarak \u00e7erezlerin ayarlanmas\u0131n\u0131 engelleyebilirsiniz (bunun nas\u0131l yap\u0131laca\u011f\u0131n\u0131 \u00f6\u011frenmek i\u00e7in taray\u0131c\u0131n\u0131z\u0131n Yard\u0131m\u0131na bak\u0131n). \u00c7erezlerin devre d\u0131\u015f\u0131 b\u0131rak\u0131lmas\u0131n\u0131n, bu sitenin ve ziyaret etti\u011finiz di\u011fer bir\u00e7ok sitenin i\u015flevselli\u011fini etkileyece\u011fini unutmay\u0131n. \u00c7erezleri devre d\u0131\u015f\u0131 b\u0131rakmak genellikle bu sitenin belirli i\u015flevlerini ve \u00f6zelliklerini devre d\u0131\u015f\u0131 b\u0131rak\u0131r. Bu nedenle, \u00e7erezleri devre d\u0131\u015f\u0131 b\u0131rakmaman\u0131z \u00f6nerilir.   <\/p>\n<h3>Ayarlad\u0131\u011f\u0131m\u0131z \u00e7erezler<\/h3>\n<ul>\n<li>Hesapla ilgili \u00e7erezlerBizimle bir hesap olu\u015fturursan\u0131z, kay\u0131t s\u00fcrecini ve genel y\u00f6netimi y\u00f6netmek i\u00e7in \u00e7erezleri kullan\u0131r\u0131z. Bu \u00e7erezler genellikle sistemden \u00e7\u0131kt\u0131\u011f\u0131n\u0131zda silinir, ancak baz\u0131 durumlarda, ayr\u0131ld\u0131\u011f\u0131n\u0131zda site tercihlerinizi hat\u0131rlamak i\u00e7in daha sonra kalabilirler. <\/li>\n<li>Giri\u015fle ilgili \u00e7erezlerGiri\u015f yapt\u0131\u011f\u0131n\u0131zda, bu eylemi hat\u0131rlayabilmemiz i\u00e7in \u00e7erezleri kullan\u0131r\u0131z. Bu, her yeni sayfay\u0131 ziyaret etti\u011finizde giri\u015f yapman\u0131z gerekmesini \u00f6nler. Giri\u015f yapt\u0131\u011f\u0131n\u0131zda yaln\u0131zca k\u0131s\u0131tl\u0131 kaynaklara ve alanlara eri\u015febilmenizi sa\u011flamak i\u00e7in, bu \u00e7erezler genellikle oturumu kapatt\u0131\u011f\u0131n\u0131zda kald\u0131r\u0131l\u0131r veya temizlenir.  <\/li>\n<li>E-posta b\u00fcltenleriyle ilgili \u00e7erezlerBu site, b\u00fclten veya e-posta abonelik hizmetleri sunar ve \u00e7erezler, zaten kay\u0131tl\u0131 olup olmad\u0131\u011f\u0131n\u0131z\u0131 ve yaln\u0131zca abone olan\/olmayan kullan\u0131c\u0131lara y\u00f6nelik belirli bildirimleri g\u00f6sterip g\u00f6stermeyece\u011finizi hat\u0131rlamak i\u00e7in kullan\u0131labilir.<\/li>\n<li>Sipari\u015f i\u015fleme ile ilgili \u00e7erezlerBu site, e-ticaret veya \u00f6deme kolayl\u0131klar\u0131 sunar ve sipari\u015finizin sayfalar aras\u0131nda hat\u0131rlanmas\u0131n\u0131 sa\u011flamak i\u00e7in baz\u0131 \u00e7erezler gereklidir, b\u00f6ylece onu d\u00fczg\u00fcn bir \u015fekilde i\u015fleyebiliriz.<\/li>\n<li>Anketlerle ilgili \u00e7erezlerZaman zaman ilgin\u00e7 bilgiler, faydal\u0131 ara\u00e7lar sa\u011flamak veya kullan\u0131c\u0131 taban\u0131m\u0131z\u0131 daha do\u011fru bir \u015fekilde anlamak i\u00e7in anketler ve soru anketleri sunuyoruz. Bu anketler, bir ankete kimin kat\u0131ld\u0131\u011f\u0131n\u0131 hat\u0131rlamak veya sayfalar\u0131n de\u011fi\u015ftirilmesinden sonra do\u011fru sonu\u00e7lar sa\u011flamak i\u00e7in \u00e7erezleri kullanabilir. <\/li>\n<li>Formlarla ilgili \u00e7erezler\u0130leti\u015fim sayfalar\u0131nda veya yorum formlar\u0131nda bulunanlar gibi bir form arac\u0131l\u0131\u011f\u0131yla veri g\u00f6nderdi\u011finizde, gelecekteki yaz\u0131\u015fmalar i\u00e7in kullan\u0131c\u0131 ayr\u0131nt\u0131lar\u0131n\u0131z\u0131 hat\u0131rlamak \u00fczere \u00e7erezler ayarlanabilir.<\/li>\n<li>Site tercihleri \u00e7erezleriBu sitede harika bir deneyim sa\u011flamak i\u00e7in, bu siteyi kulland\u0131\u011f\u0131n\u0131zda nas\u0131l \u00e7al\u0131\u015ft\u0131\u011f\u0131n\u0131za dair tercihlerinizi ayarlama i\u015flevini sa\u011fl\u0131yoruz. Tercihlerinizi hat\u0131rlamak i\u00e7in, bu bilgilerin tercihlerinizden etkilenen bir sayfayla her etkile\u015fim kurdu\u011funuzda \u00e7a\u011fr\u0131labilmesi i\u00e7in \u00e7erezleri ayarlamam\u0131z gerekir. <\/li>\n<\/ul>\n<h3>\u00dc\u00e7\u00fcnc\u00fc Taraf \u00c7erezleri<\/h3>\n<p>Baz\u0131 \u00f6zel durumlarda, g\u00fcvenilir \u00fc\u00e7\u00fcnc\u00fc taraflarca sa\u011flanan \u00e7erezleri de kullan\u0131r\u0131z. A\u015fa\u011f\u0131daki b\u00f6l\u00fcm, bu site arac\u0131l\u0131\u011f\u0131yla hangi \u00fc\u00e7\u00fcnc\u00fc taraf \u00e7erezleriyle kar\u015f\u0131la\u015fabilece\u011finizi ayr\u0131nt\u0131lar\u0131yla anlat\u0131r. <\/p>\n<ul>\n<li>Bu site, siteyi nas\u0131l kulland\u0131\u011f\u0131n\u0131z\u0131 ve deneyiminizi nas\u0131l iyile\u015ftirebilece\u011fimizi anlamam\u0131za yard\u0131mc\u0131 olmak i\u00e7in web&#8217;deki en yayg\u0131n ve g\u00fcvenilir analiz \u00e7\u00f6z\u00fcmlerinden biri olan Google Analytics&#8217;i kullan\u0131r. Bu \u00e7erezler, sitede ne kadar zaman harcad\u0131\u011f\u0131n\u0131z ve hangi sayfalar\u0131 ziyaret etti\u011finiz gibi \u00f6\u011feleri izleyebilir, b\u00f6ylece ilgi \u00e7ekici i\u00e7erik \u00fcretmeye devam edebiliriz. <\/li>\n<\/ul>\n<p>Google Analytics \u00e7erezleri hakk\u0131nda daha fazla bilgi i\u00e7in resmi Google Analytics sayfas\u0131na bak\u0131n.<\/p>\n<ul>\n<li>\u00dc\u00e7\u00fcnc\u00fc taraf analizleri, ilgi \u00e7ekici i\u00e7erik \u00fcretmeye devam edebilmemiz i\u00e7in bu sitenin kullan\u0131m\u0131n\u0131 izlemek ve \u00f6l\u00e7mek i\u00e7in kullan\u0131l\u0131r. Bu \u00e7erezler, sitede ne kadar zaman harcad\u0131\u011f\u0131n\u0131z veya hangi sayfalar\u0131 ziyaret etti\u011finiz gibi \u00f6\u011feleri izleyebilir, bu da siteyi sizin i\u00e7in nas\u0131l iyile\u015ftirebilece\u011fimizi anlamam\u0131za yard\u0131mc\u0131 olur. <\/li>\n<li>Zaman zaman yeni \u00f6zellikleri test ediyor ve sitenin sunulma \u015feklinde ince de\u011fi\u015fiklikler yap\u0131yoruz. Yeni \u00f6zellikleri hala test ederken, bu \u00e7erezler sitedeyken tutarl\u0131 bir deneyim alman\u0131z\u0131 sa\u011flamak i\u00e7in kullan\u0131labilirken, kullan\u0131c\u0131lar\u0131m\u0131z\u0131n hangi optimizasyonlar\u0131 en \u00e7ok takdir etti\u011fini anl\u0131yoruz. <\/li>\n<li>\u00dcr\u00fcn satt\u0131k\u00e7a, web sitemizden ka\u00e7 ziyaret\u00e7inin ger\u00e7ekten sat\u0131n ald\u0131\u011f\u0131n\u0131 anlamam\u0131z \u00f6nemlidir ve bu nedenle bu, bu \u00e7erezlerin izleyece\u011fi veri t\u00fcr\u00fcd\u00fcr. Bu sizin i\u00e7in \u00f6nemlidir, \u00e7\u00fcnk\u00fc reklam ve \u00fcr\u00fcn maliyetlerimizi analiz etmemizi sa\u011flayan do\u011fru i\u015f tahminleri yapabilece\u011fimiz anlam\u0131na gelir, b\u00f6ylece m\u00fcmk\u00fcn olan en iyi fiyat\u0131 garanti ederiz. <\/li>\n<li>Reklam yay\u0131nlamak i\u00e7in kulland\u0131\u011f\u0131m\u0131z Google AdSense hizmeti, web genelinde daha alakal\u0131 reklamlar yay\u0131nlamak ve belirli bir reklam\u0131n size ka\u00e7 kez g\u00f6sterildi\u011fini s\u0131n\u0131rlamak i\u00e7in bir DoubleClick \u00e7erezi kullan\u0131r.<br \/>\nGoogle AdSense hakk\u0131nda daha fazla bilgi i\u00e7in, Google AdSense gizlili\u011fiyle ilgili resmi SSS&#8217;lere bak\u0131n.<\/li>\n<li>Bu sitenin i\u015fletme maliyetlerini kar\u015f\u0131lamak ve gelecekteki geli\u015fmeler i\u00e7in finansman sa\u011flamak i\u00e7in reklamlar\u0131 kullan\u0131yoruz. Bu site taraf\u0131ndan kullan\u0131lan davran\u0131\u015fsal reklam \u00e7erezleri, ilgi alanlar\u0131n\u0131z\u0131 anonim olarak izleyerek ve ilginizi \u00e7ekebilecek benzer \u015feyler sunarak m\u00fcmk\u00fcn oldu\u011funca en alakal\u0131 reklamlar\u0131 sa\u011flaman\u0131z\u0131 sa\u011flamak i\u00e7in tasarlanm\u0131\u015ft\u0131r. <\/li>\n<li>\u00c7e\u015fitli ortaklar bizim ad\u0131m\u0131za reklam veriyor ve ba\u011fl\u0131 kurulu\u015f izleme \u00e7erezleri, m\u00fc\u015fterilerimizin sitemize ortaklar\u0131m\u0131z\u0131n sitelerinden biri arac\u0131l\u0131\u011f\u0131yla eri\u015fip eri\u015fmedi\u011fini g\u00f6rmemizi sa\u011fl\u0131yor, b\u00f6ylece onlar\u0131 uygun \u015fekilde kredilendirebiliriz ve uygun oldu\u011funda, ba\u011fl\u0131 kurulu\u015f ortaklar\u0131m\u0131z\u0131n bir sat\u0131n alma yapmak i\u00e7in size sa\u011flayabilece\u011fi herhangi bir promosyon sunmas\u0131na izin verebiliriz.<\/li>\n<\/ul>\n<h3>Kullan\u0131c\u0131 Taahh\u00fcd\u00fc<\/h3>\n<p>Kullan\u0131c\u0131, Super Receitas&#8217;n\u0131n sitede sundu\u011fu i\u00e7erik ve bilgileri uygun \u015fekilde kullanmay\u0131 taahh\u00fct eder ve a\u00e7\u0131klay\u0131c\u0131 nitelikte olmakla birlikte s\u0131n\u0131rlay\u0131c\u0131 olmamak \u00fczere:<\/p>\n<ul>\n<li>A) Yasa d\u0131\u015f\u0131 veya iyi niyet ve kamu d\u00fczenine ayk\u0131r\u0131 faaliyetlerde bulunmamak;<\/li>\n<li>B) Irk\u00e7\u0131, yabanc\u0131 d\u00fc\u015fman\u0131, <a style=\"color: inherit !important; text-decoration: none !important;\" href=\"https:\/\/ondeapostar.pt\/onde-da-a-bola\/\">Onde Bola<\/a> veya \u015fans, her t\u00fcrl\u00fc yasa d\u0131\u015f\u0131 pornografi, ter\u00f6rizmi savunan veya insan haklar\u0131na kar\u015f\u0131 olan propaganda veya i\u00e7erik yaymamak;<\/li>\n<li>C) Super Receitas&#8217;n\u0131n, tedarik\u00e7ilerinin veya \u00fc\u00e7\u00fcnc\u00fc taraflar\u0131n fiziksel (donan\u0131m) ve mant\u0131ksal (yaz\u0131l\u0131m) sistemlerine zarar vermemek, bilgisayar vir\u00fcsleri veya daha \u00f6nce bahsedilen zararlara neden olabilecek di\u011fer donan\u0131m veya yaz\u0131l\u0131m sistemlerini tan\u0131tmak veya yaymak.<\/li>\n<\/ul>\n<h3>Daha fazla bilgi<\/h3>\n<p>Umar\u0131z a\u00e7\u0131kl\u0131\u011fa kavu\u015fmu\u015ftur ve daha \u00f6nce de belirtildi\u011fi gibi, ihtiyac\u0131n\u0131z olup olmad\u0131\u011f\u0131ndan emin olmad\u0131\u011f\u0131n\u0131z bir \u015fey varsa, web sitemizde kulland\u0131\u011f\u0131n\u0131z \u00f6zelliklerden biriyle etkile\u015fim kurarsan\u0131z, \u00e7erezleri etkin b\u0131rakmak genellikle daha g\u00fcvenlidir.<\/p>\n<p>Bu politika <strong>Mart<\/strong>\/<strong>2022<\/strong> tarihinden itibaren ge\u00e7erlidir.<\/p>\n","protected":false},"excerpt":{"rendered":"<p>Gizlilik Politikas\u0131 Gizlili\u011finiz bizim i\u00e7in \u00f6nemlidir. Super Receitas&#8217;n\u0131n politikas\u0131, Super Receitas web sitesinde ve sahip oldu\u011fumuz ve i\u015fletti\u011fimiz di\u011fer sitelerde toplayabilece\u011fimiz bilgilerinizle ilgili olarak gizlili\u011finize sayg\u0131 duymakt\u0131r. Ki\u015fisel bilgileri yaln\u0131zca size bir hizmet sunmak i\u00e7in ger\u00e7ekten ihtiya\u00e7 duydu\u011fumuzda talep ediyoruz. Bunu adil ve yasal yollarla, bilginiz ve onay\u0131n\u0131zla yap\u0131yoruz. Ayr\u0131ca neden toplad\u0131\u011f\u0131m\u0131z\u0131 ve nas\u0131l kullan\u0131laca\u011f\u0131n\u0131 [&hellip;]<\/p>\n","protected":false},"author":1,"featured_media":0,"parent":0,"menu_order":0,"comment_status":"closed","ping_status":"closed","template":"","meta":{"wprm-recipe-roundup-name":"","wprm-recipe-roundup-description":"","tdm_status":"","tdm_grid_status":"","footnotes":""},"class_list":["post-12267","page","type-page","status-publish","hentry"],"_links":{"self":[{"href":"https:\/\/superreceitas.com\/tr\/wp-json\/wp\/v2\/pages\/12267","targetHints":{"allow":["GET"]}}],"collection":[{"href":"https:\/\/superreceitas.com\/tr\/wp-json\/wp\/v2\/pages"}],"about":[{"href":"https:\/\/superreceitas.com\/tr\/wp-json\/wp\/v2\/types\/page"}],"author":[{"embeddable":true,"href":"https:\/\/superreceitas.com\/tr\/wp-json\/wp\/v2\/users\/1"}],"replies":[{"embeddable":true,"href":"https:\/\/superreceitas.com\/tr\/wp-json\/wp\/v2\/comments?post=12267"}],"version-history":[{"count":0,"href":"https:\/\/superreceitas.com\/tr\/wp-json\/wp\/v2\/pages\/12267\/revisions"}],"wp:attachment":[{"href":"https:\/\/superreceitas.com\/tr\/wp-json\/wp\/v2\/media?parent=12267"}],"curies":[{"name":"wp","href":"https:\/\/api.w.org\/{rel}","templated":true}]}}