{"id":12269,"date":"2022-03-01T08:46:31","date_gmt":"2022-03-01T12:46:31","guid":{"rendered":"https:\/\/superreceitas.com\/kullanim-sartlari\/"},"modified":"2025-11-28T09:42:11","modified_gmt":"2025-11-28T13:42:11","slug":"kullanim-sartlari","status":"publish","type":"page","link":"https:\/\/superreceitas.com\/tr\/kullanim-sartlari\/","title":{"rendered":"Kullan\u0131m \u015eartlar\u0131"},"content":{"rendered":"\n<h2 class=\"wp-block-heading\">\u015eartlar ve Ko\u015fullar<\/h2>\n\n<p>SuperReceitas&#8217;a ho\u015f geldiniz!<\/p>\n\n<p>Bu \u015fartlar ve ko\u015fullar, superreceitas.com adresinde bulunan LS MOTA NEGOCIOS DIGITAIS LTDA&#8217;n\u0131n web sitesinin kullan\u0131m\u0131na ili\u015fkin kurallar\u0131 ve d\u00fczenlemeleri tan\u0131mlar.<\/p>\n\n<p>Bu siteye eri\u015ferek, bu \u015fartlar\u0131 ve ko\u015fullar\u0131 kabul etti\u011finizi varsay\u0131yoruz. Bu sayfada belirtilen t\u00fcm \u015fartlar\u0131 ve ko\u015fullar\u0131 kabul etmiyorsan\u0131z, SuperReceitas&#8217;\u0131 kullanmaya devam etmeyin. <\/p>\n\n<h2 class=\"wp-block-heading\">\u00c7erezler<\/h2>\n\n<p>Site, \u00e7evrimi\u00e7i deneyiminizi ki\u015fiselle\u015ftirmeye yard\u0131mc\u0131 olmak i\u00e7in \u00e7erezler kullan\u0131r. SuperReceitas&#8217;a eri\u015ferek, gerekli \u00e7erezlerin kullan\u0131lmas\u0131n\u0131 kabul etmi\u015f olursunuz. <\/p>\n\n<p>Bir \u00e7erez, bir web sayfas\u0131 sunucusu taraf\u0131ndan sabit diskinize yerle\u015ftirilen bir metin dosyas\u0131d\u0131r. \u00c7erezler, program \u00e7al\u0131\u015ft\u0131rmak veya bilgisayar\u0131n\u0131za vir\u00fcs g\u00f6ndermek i\u00e7in kullan\u0131lamaz. \u00c7erezler yaln\u0131zca size atan\u0131r ve \u00e7erezi size veren alan ad\u0131ndaki bir web sunucusu taraf\u0131ndan okunabilir.  <\/p>\n\n<p>Web sitemizi i\u015fletmek i\u00e7in istatistiksel veya pazarlama ama\u00e7lar\u0131yla bilgi toplamak, depolamak ve izlemek i\u00e7in \u00e7erezleri kullanabiliriz. \u0130ste\u011fe ba\u011fl\u0131 \u00e7erezleri kabul etme veya reddetme yetene\u011fine sahipsiniz. Web sitemizin \u00e7al\u0131\u015fmas\u0131 i\u00e7in gerekli olan baz\u0131 zorunlu \u00e7erezler vard\u0131r. Bu \u00e7erezler, her zaman \u00e7al\u0131\u015ft\u0131klar\u0131 i\u00e7in onay\u0131n\u0131z\u0131 gerektirmez. Gerekli \u00e7erezleri kabul etti\u011finizde, \u00fc\u00e7\u00fcnc\u00fc taraflarca sa\u011flanan hizmetler arac\u0131l\u0131\u011f\u0131yla kullan\u0131labilecek \u00fc\u00e7\u00fcnc\u00fc taraf \u00e7erezlerini de kabul etmi\u015f olursunuz, \u00f6rne\u011fin sitemize entegre edilmi\u015f bir video g\u00f6r\u00fcnt\u00fcleme penceresi.    <\/p>\n\n<h2 class=\"wp-block-heading\">Lisans<\/h2>\n\n<p>Aksi belirtilmedik\u00e7e, LS MOTA NEGOCIOS DIGITAIS LTDA ve\/veya lisans verenleri, SuperReceitas&#8217;taki t\u00fcm materyalin fikri m\u00fclkiyet haklar\u0131na sahiptir. T\u00fcm fikri m\u00fclkiyet haklar\u0131 sakl\u0131d\u0131r. Bu \u015fartlar ve ko\u015fullarda belirtilen k\u0131s\u0131tlamalara tabi olarak, SuperReceitas&#8217;a ki\u015fisel kullan\u0131m i\u00e7in eri\u015febilirsiniz.  <\/p>\n\n<p>Yapmaman\u0131z gerekenler:<\/p>\n\n<ul class=\"wp-block-list\"><li>SuperReceitas&#8217;tan materyal kopyalamak veya yeniden yay\u0131nlamak<\/li><li>SuperReceitas&#8217;tan materyal satmak, kiralamak veya alt lisans vermek<\/li><li>SuperReceitas&#8217;tan materyal \u00e7o\u011faltmak, kopyalamak veya kopyalamak<\/li><li>SuperReceitas i\u00e7eri\u011fini yeniden da\u011f\u0131tmak<\/li><\/ul>\n\n<p>Bu S\u00f6zle\u015fme bug\u00fcnden itibaren ge\u00e7erli olacakt\u0131r.<\/p>\n\n<p>Bu sitenin baz\u0131 b\u00f6l\u00fcmleri, kullan\u0131c\u0131lara belirli alanlarda g\u00f6r\u00fc\u015f ve bilgi yay\u0131nlama ve de\u011fi\u015ftirme f\u0131rsat\u0131 sunar. LS MOTA NEGOCIOS DIGITAIS LTDA, yorumlar siteye gelmeden \u00f6nce filtrelemez, d\u00fczenlemez, yay\u0131nlamaz veya g\u00f6zden ge\u00e7irmez. Yorumlar, LS MOTA NEGOCIOS DIGITAIS LTDA&#8217;n\u0131n, temsilcilerinin ve\/veya ba\u011fl\u0131 kurulu\u015flar\u0131n\u0131n g\u00f6r\u00fc\u015flerini ve d\u00fc\u015f\u00fcncelerini yans\u0131tmaz. Yorumlar, g\u00f6r\u00fc\u015flerini ve d\u00fc\u015f\u00fcncelerini yay\u0131nlayan ki\u015finin g\u00f6r\u00fc\u015flerini ve d\u00fc\u015f\u00fcncelerini yans\u0131t\u0131r. Uygulanabilir yasalar\u0131n izin verdi\u011fi \u00f6l\u00e7\u00fcde, LS MOTA NEGOCIOS DIGITAIS LTDA, yorumlar veya bu sitedeki yorumlar\u0131n herhangi bir kullan\u0131m\u0131 ve\/veya yay\u0131nlanmas\u0131 ve\/veya g\u00f6r\u00fcn\u00fcm\u00fc sonucunda meydana gelen ve\/veya maruz kal\u0131nan herhangi bir sorumluluk, zarar veya masraftan sorumlu olmayacakt\u0131r.    <\/p>\n\n<p>LS MOTA NEGOCIOS DIGITAIS LTDA, t\u00fcm yorumlar\u0131 izleme ve bu \u015eartlar ve Ko\u015fullar\u0131 ihlal eden uygunsuz, sald\u0131rgan veya ba\u015fka \u015fekilde kabul edilemez yorumlar\u0131 kald\u0131rma hakk\u0131n\u0131 sakl\u0131 tutar.<\/p>\n\n<p>Garantileriniz ve beyanlar\u0131n\u0131z:<\/p>\n\n<ul class=\"wp-block-list\"><li>Yorumlar\u0131 sitemizde yay\u0131nlama hakk\u0131na sahipsiniz ve bunu yapmak i\u00e7in gerekli t\u00fcm lisanslara ve izinlere sahipsiniz;<\/li><li>Yorumlar, \u00fc\u00e7\u00fcnc\u00fc taraflar\u0131n telif hakk\u0131, patent veya ticari marka haklar\u0131 dahil olmak \u00fczere herhangi bir fikri m\u00fclkiyet hakk\u0131n\u0131 ihlal etmez.<\/li><li>Yorumlar, iftira niteli\u011finde, karalay\u0131c\u0131, sald\u0131rgan, m\u00fcstehcen veya yasa d\u0131\u015f\u0131 herhangi bir materyal i\u00e7ermez, bu da gizlili\u011fi ihlal eder.<\/li><li>Yorumlar, i\u015f veya gelenekleri talep etmek veya te\u015fvik etmek veya ticari faaliyetler veya yasa d\u0131\u015f\u0131 faaliyetler sunmak i\u00e7in kullan\u0131lmayacakt\u0131r.<\/li><\/ul>\n\n<p>LS MOTA NEGOCIOS DIGITAIS LTDA&#8217;ya, yorumlar\u0131n\u0131z\u0131n her t\u00fcrl\u00fc bi\u00e7im, format veya medyada kullan\u0131lmas\u0131, \u00e7o\u011falt\u0131lmas\u0131, d\u00fczenlenmesi ve ba\u015fkalar\u0131na kullanma, \u00e7o\u011faltma ve d\u00fczenleme yetkisi verme konusunda m\u00fcnhas\u0131r olmayan bir lisans veriyorsunuz.<\/p>\n\n<p>\u0130\u00e7eri\u011fimize Hiperlinkler:<\/p>\n\n<p>A\u015fa\u011f\u0131daki kurulu\u015flar, \u00f6nceden yaz\u0131l\u0131 onay almadan sitemize ba\u011flant\u0131 verebilir:<\/p>\n\n<ul class=\"wp-block-list\"><li>Devlet kurumlar\u0131;<\/li><li>Arama motorlar\u0131;<\/li><li>Haber kurulu\u015flar\u0131;<\/li><li>\u00c7evrimi\u00e7i dizin da\u011f\u0131t\u0131c\u0131lar\u0131, listelenen di\u011fer \u015firketlerin sitelerine ba\u011fland\u0131klar\u0131 \u015fekilde sitemize ba\u011flant\u0131 verebilir; ve<\/li><\/ul>\n\n<p>Sistem genelinde akredite edilmi\u015f i\u015fletmeler, kar amac\u0131 g\u00fctmeyen kurulu\u015flar, hay\u0131r kurumu al\u0131\u015fveri\u015f merkezleri ve hay\u0131r kurumu ba\u011f\u0131\u015f toplama gruplar\u0131 hari\u00e7, sitemize ba\u011flant\u0131 veremez.<\/p>\n\n<p>Bu kurulu\u015flar, ba\u011flant\u0131n\u0131n: (a) hi\u00e7bir \u015fekilde yan\u0131lt\u0131c\u0131 olmamas\u0131; (b) ba\u011flant\u0131l\u0131 taraf\u0131n ve \u00fcr\u00fcnlerinin ve\/veya hizmetlerinin sponsorlu\u011fu, onay\u0131 veya onay\u0131 anlam\u0131na gelmemesi; ve (c) ba\u011flant\u0131l\u0131 taraf\u0131n web sitesinin ba\u011flam\u0131na uygun olmas\u0131 ko\u015fuluyla ana sayfam\u0131za, yay\u0131nlar\u0131m\u0131za veya di\u011fer site bilgilerine ba\u011flant\u0131 verebilir.   <\/p>\n\n<p>A\u015fa\u011f\u0131daki t\u00fcrdeki kurulu\u015flardan gelen di\u011fer ba\u011flant\u0131 taleplerini de\u011ferlendirebilir ve onaylayabiliriz:<\/p>\n\n<ul class=\"wp-block-list\"><li>genel olarak bilinen t\u00fcketici ve\/veya i\u015f bilgisi kaynaklar\u0131;<\/li><li>.com topluluk siteleri;<\/li><li>hay\u0131r kurumlar\u0131n\u0131 temsil eden dernekler veya di\u011fer gruplar;<\/li><li>\u00e7evrimi\u00e7i dizin da\u011f\u0131t\u0131c\u0131lar\u0131;<\/li><li>internet portallar\u0131;<\/li><li>muhasebe, hukuk ve dan\u0131\u015fmanl\u0131k firmalar\u0131; ve<\/li><li>e\u011fitim kurumlar\u0131 ve ticaret birlikleri.<\/li><\/ul>\n\n<p>Bu kurulu\u015flardan gelen ba\u011flant\u0131 taleplerini, ba\u011flant\u0131n\u0131n bize veya akredite edilmi\u015f i\u015fletmelerimize olumsuz bir \u015fekilde yans\u0131mayaca\u011f\u0131na karar verirsek onaylayaca\u011f\u0131z; (b) kurulu\u015fun bizimle olumsuz bir kayd\u0131 yoksa; (c) ba\u011flant\u0131n\u0131n g\u00f6r\u00fcn\u00fcrl\u00fc\u011f\u00fcnden elde edece\u011fimiz fayda, LS MOTA NEGOCIOS DIGITAIS LTDA&#8217;n\u0131n yoklu\u011funu telafi ediyorsa; ve (d) ba\u011flant\u0131, genel kaynak bilgileri ba\u011flam\u0131nda ise.    <\/p>\n\n<p>Bu kurulu\u015flar, ba\u011flant\u0131n\u0131n: (a) hi\u00e7bir \u015fekilde yan\u0131lt\u0131c\u0131 olmamas\u0131; (b) ba\u011flant\u0131l\u0131 taraf\u0131n ve \u00fcr\u00fcnlerinin veya hizmetlerinin sponsorlu\u011fu, onay\u0131 veya onay\u0131 anlam\u0131na gelmemesi; ve (c) ba\u011flant\u0131l\u0131 taraf\u0131n web sitesinin ba\u011flam\u0131na uygun olmas\u0131 ko\u015fuluyla ana sayfam\u0131za ba\u011flant\u0131 verebilir.   <\/p>\n\n<p>Yukar\u0131daki paragraf 2&#8217;de listelenen kurulu\u015flardan biriyseniz ve sitemize ba\u011flant\u0131 vermekle ilgileniyorsan\u0131z, LS MOTA NEGOCIOS DIGITAIS LTDA&#8217;ya bir e-posta g\u00f6ndererek bize bildirmelisiniz. Ad\u0131n\u0131z\u0131, kurulu\u015funuzun ad\u0131n\u0131, ileti\u015fim bilgilerinizi, web sitenizin URL&#8217;sini, sitemize ba\u011flant\u0131 vermek istedi\u011finiz t\u00fcm URL&#8217;lerin bir listesini ve ba\u011flant\u0131 vermek istedi\u011finiz sitemizin URL&#8217;lerinin bir listesini ekleyin. Yan\u0131t i\u00e7in 2-3 hafta bekleyin.  <\/p>\n\n<p>Onaylanm\u0131\u015f kurulu\u015flar, sitemize \u015fu \u015fekilde ba\u011flant\u0131 verebilir:<\/p>\n\n<p>Kurumsal ad\u0131m\u0131z\u0131 kullanarak; veya<\/p>\n\n<p>Ba\u011flant\u0131 verilen kaynak bulucu kullanarak; veya<\/p>\n\n<p>Ba\u011flant\u0131l\u0131 taraf\u0131n web sitesindeki i\u00e7eri\u011fin ba\u011flam\u0131 ve format\u0131 i\u00e7inde anlaml\u0131 olan sitemizin herhangi bir ba\u015fka a\u00e7\u0131klamas\u0131n\u0131 kullanarak.<\/p>\n\n<p>LS MOTA NEGOCIOS DIGITAIS LTDA&#8217;n\u0131n logosunun veya di\u011fer sanat eserlerinin ba\u011flant\u0131 i\u00e7in kullan\u0131lmas\u0131, bir ticari marka lisans s\u00f6zle\u015fmesi olmadan izin verilmez.<\/p>\n\n<h2 class=\"wp-block-heading\">\u0130\u00e7erik Sorumlulu\u011fu:<\/h2>\n\n<p>Sitenizde g\u00f6r\u00fcnen herhangi bir i\u00e7erikten sorumlu de\u011filiz. Sitenizde ortaya at\u0131lan t\u00fcm iddialara kar\u015f\u0131 bizi korumay\u0131 ve savunmay\u0131 kabul edersiniz. Hi\u00e7bir ba\u011flant\u0131, iftira niteli\u011finde, m\u00fcstehcen veya su\u00e7 te\u015fkil eden olarak yorumlanabilecek veya \u00fc\u00e7\u00fcnc\u00fc taraflar\u0131n herhangi bir haklar\u0131n\u0131 ihlal eden, ba\u015fka bir \u015fekilde ihlal eden veya ihlali savunan herhangi bir sitede g\u00f6r\u00fcnmemelidir.  <\/p>\n\n<h2 class=\"wp-block-heading\">Haklar\u0131n Saklanmas\u0131:<\/h2>\n\n<p>Sitemize olan t\u00fcm ba\u011flant\u0131lar\u0131 veya belirli bir ba\u011flant\u0131y\u0131 kald\u0131rman\u0131z\u0131 talep etme hakk\u0131n\u0131 sakl\u0131 tutar\u0131z. Talep \u00fczerine sitemize olan t\u00fcm ba\u011flant\u0131lar\u0131n derhal kald\u0131r\u0131lmas\u0131n\u0131 onayl\u0131yorsunuz. Ayr\u0131ca, bu \u015fartlar ve ko\u015fullar\u0131 ve ba\u011flant\u0131 politikan\u0131z\u0131 herhangi bir zamanda de\u011fi\u015ftirme hakk\u0131n\u0131 sakl\u0131 tutar\u0131z. Sitemize s\u00fcrekli olarak ba\u011flant\u0131 vererek, bu ba\u011flant\u0131 \u015fartlar\u0131n\u0131 ve ko\u015fullar\u0131n\u0131 kabul etti\u011finizi ve bunlara uymay\u0131 kabul edersiniz.   <\/p>\n\n<h2 class=\"wp-block-heading\">Sitemizden ba\u011flant\u0131lar\u0131n kald\u0131r\u0131lmas\u0131:<\/h2>\n\n<p>Sitemizde herhangi bir nedenle rahats\u0131z edici bir ba\u011flant\u0131 bulursan\u0131z, bizimle ileti\u015fime ge\u00e7ebilir ve bizi bilgilendirebilirsiniz. Ba\u011flant\u0131lar\u0131n kald\u0131r\u0131lmas\u0131 taleplerini de\u011ferlendirece\u011fiz, ancak size do\u011frudan yan\u0131t verme y\u00fck\u00fcml\u00fcl\u00fc\u011f\u00fcm\u00fcz yoktur. <\/p>\n\n<p>Bu sitede yer alan bilgilerin do\u011fru oldu\u011funu garanti etmiyoruz. Taml\u0131\u011f\u0131n\u0131 veya do\u011frulu\u011funu garanti etmiyoruz, ne de sitenin eri\u015filebilir kalaca\u011f\u0131n\u0131 veya sitedeki materyalin g\u00fcncel tutulaca\u011f\u0131n\u0131 garanti etmiyoruz. <\/p>\n\n<h2 class=\"wp-block-heading\">Feragatname:<\/h2>\n\n<p>Uygulanabilir yasalar\u0131n izin verdi\u011fi en geni\u015f \u00f6l\u00e7\u00fcde, sitemiz ve bu sitenin kullan\u0131m\u0131yla ilgili t\u00fcm beyanlar\u0131, garantileri ve ko\u015fullar\u0131 hari\u00e7 tutuyoruz. Bu yasal uyar\u0131da hi\u00e7bir \u015fey: <\/p>\n\n<ul class=\"wp-block-list\"><li>\u00f6l\u00fcm veya ki\u015fisel yaralanma i\u00e7in bizim veya sizin sorumlulu\u011funuzu s\u0131n\u0131rlamaz veya hari\u00e7 tutmaz;<\/li><li>doland\u0131r\u0131c\u0131l\u0131k veya hileli yanl\u0131\u015f beyan i\u00e7in bizim veya sizin sorumlulu\u011funuzu s\u0131n\u0131rlamaz veya hari\u00e7 tutmaz;<\/li><li>uygulanabilir yasalar\u0131n izin vermedi\u011fi \u015fekilde bizim veya sizin sorumluluklar\u0131n\u0131z\u0131 s\u0131n\u0131rlamaz; veya<\/li><li>uygulanabilir yasalar taraf\u0131ndan hari\u00e7 tutulamayan bizim veya sizin sorumluluklar\u0131n\u0131z\u0131 hari\u00e7 tutmaz.<\/li><\/ul>\n\n<p>Bu B\u00f6l\u00fcmde ve bu feragatnamenin di\u011fer b\u00f6l\u00fcmlerinde belirtilen sorumluluk s\u0131n\u0131rlamalar\u0131 ve yasaklar\u0131: (a) \u00f6nceki paragrafa tabidir; ve (b) feragatnameden kaynaklanan t\u00fcm sorumluluklar\u0131, s\u00f6zle\u015fme, haks\u0131z fiil ve yasal g\u00f6rev ihlali sorumluluklar\u0131 dahil olmak \u00fczere y\u00f6netir.  <\/p>\n\n<p>Site ve sitedeki bilgiler ve hizmetler \u00fccretsiz olarak sa\u011fland\u0131\u011f\u0131 s\u00fcrece, herhangi bir kay\u0131p veya zarardan sorumlu olmayaca\u011f\u0131z.<\/p>\n","protected":false},"excerpt":{"rendered":"<p>\u015eartlar ve Ko\u015fullar SuperReceitas&#8217;a ho\u015f geldiniz! Bu \u015fartlar ve ko\u015fullar, superreceitas.com adresinde bulunan LS MOTA NEGOCIOS DIGITAIS LTDA&#8217;n\u0131n web sitesinin kullan\u0131m\u0131na ili\u015fkin kurallar\u0131 ve d\u00fczenlemeleri tan\u0131mlar. Bu siteye eri\u015ferek, bu \u015fartlar\u0131 ve ko\u015fullar\u0131 kabul etti\u011finizi varsay\u0131yoruz. Bu sayfada belirtilen t\u00fcm \u015fartlar\u0131 ve ko\u015fullar\u0131 kabul etmiyorsan\u0131z, SuperReceitas&#8217;\u0131 kullanmaya devam etmeyin. \u00c7erezler Site, \u00e7evrimi\u00e7i deneyiminizi ki\u015fiselle\u015ftirmeye yard\u0131mc\u0131 [&hellip;]<\/p>\n","protected":false},"author":1,"featured_media":0,"parent":0,"menu_order":0,"comment_status":"closed","ping_status":"closed","template":"","meta":{"wprm-recipe-roundup-name":"","wprm-recipe-roundup-description":"","tdm_status":"","tdm_grid_status":"","footnotes":""},"class_list":["post-12269","page","type-page","status-publish","hentry"],"_links":{"self":[{"href":"https:\/\/superreceitas.com\/tr\/wp-json\/wp\/v2\/pages\/12269","targetHints":{"allow":["GET"]}}],"collection":[{"href":"https:\/\/superreceitas.com\/tr\/wp-json\/wp\/v2\/pages"}],"about":[{"href":"https:\/\/superreceitas.com\/tr\/wp-json\/wp\/v2\/types\/page"}],"author":[{"embeddable":true,"href":"https:\/\/superreceitas.com\/tr\/wp-json\/wp\/v2\/users\/1"}],"replies":[{"embeddable":true,"href":"https:\/\/superreceitas.com\/tr\/wp-json\/wp\/v2\/comments?post=12269"}],"version-history":[{"count":1,"href":"https:\/\/superreceitas.com\/tr\/wp-json\/wp\/v2\/pages\/12269\/revisions"}],"predecessor-version":[{"id":12271,"href":"https:\/\/superreceitas.com\/tr\/wp-json\/wp\/v2\/pages\/12269\/revisions\/12271"}],"wp:attachment":[{"href":"https:\/\/superreceitas.com\/tr\/wp-json\/wp\/v2\/media?parent=12269"}],"curies":[{"name":"wp","href":"https:\/\/api.w.org\/{rel}","templated":true}]}}